{"id":15,"date":"2017-09-11T21:09:32","date_gmt":"2017-09-11T19:09:32","guid":{"rendered":"http:\/\/kinballhousse.be\/?page_id=15"},"modified":"2025-08-16T10:37:12","modified_gmt":"2025-08-16T08:37:12","slug":"entrainements-horaires","status":"publish","type":"page","link":"https:\/\/kinballhousse.be\/index.php\/entrainements-horaires\/","title":{"rendered":"Entra\u00eenements"},"content":{"rendered":"<h2>Horaires 2025-2026<\/h2>\n<p><strong><em>Cat\u00e9gorie Benjamins (enfants de 8 \u00e0 10 ans)<\/em><\/strong><\/p>\n<p>Tous les lundis de 19h15 \u00e0 20h15 et mercredis de 18h \u00e0 19h00 (hors vacances scolaires) \u00e0 la Bulle \u00e0 Blegny.<\/p>\n<p><strong><em>Cat\u00e9gories Minimes et Cadets (enfants de 10 \u00e0 14 ans)<\/em><\/strong><\/p>\n<p>Tous les lundis de 19h15 \u00e0 20h15 et mercredis de 18h \u00e0 19h00 (hors vacances scolaires) \u00e0 la Bulle \u00e0 Blegny.<\/p>\n<p><em><strong>Cat\u00e9gorie Scolaires (gar\u00e7ons de 14 \u00e0 16 ans)<\/strong><\/em><\/p>\n<p>Tous les mercredis de 19h00 \u00e0 20h30 \u00e0 la Bulle \u00e0 Blegny et dimanches de 9h30 \u00e0 12h (hors vacances scolaires) au Hall Omnisport de Saive ou \u00e0 la Bulle \u00e0 Blegny.<\/p>\n<p><em><strong>Cat\u00e9gorie Dames (14 ans et +)<\/strong><\/em><\/p>\n<p>Tous les lundis de 20h15 \u00e0 21h30, mercredis de 19h00 \u00e0 20h30 (hors vacances scolaires) \u00e0 la Bulle \u00e0 Blegny.<\/p>\n<p><strong><em>Cat\u00e9gorie Hommes (16 ans et +)<\/em><\/strong><\/p>\n<p>Tous les mercredis de 20h00 \u00e0 21h30 \u00e0 la Bulle \u00e0 Blegny et dimanches de 9h30 \u00e0 12h (hors vacances scolaires) au Hall Omnisport de Saive ou \u00e0 la Bulle \u00e0 Blegny.<\/p>\n<p><em><strong>Cat\u00e9gorie Mixtes \/ Loisirs (16 ans et +)<\/strong><\/em><\/p>\n<p>Tous les lundis de 20h15 \u00e0 21h30 (hors vacances scolaires) \u00e0 la Bulle \u00e0 Blegny.<\/p>\n<hr \/>\n<h2><strong>Cotisations 2025-2026<\/strong><\/h2>\n<p>Cat\u00e9gorie Benjamins : 130 \u20ac<\/p>\n<p>Cat\u00e9gories Minimes et Cadets : 130 \u20ac<\/p>\n<p>Cat\u00e9gorie Dames : 170 \u20ac<\/p>\n<p>Cat\u00e9gories Scolaires et Hommes : 170 \u20ac<\/p>\n<p>Cat\u00e9gorie Mixtes : 170 \u20ac<\/p>\n<p>Cat\u00e9gorie Loisir : 130 \u20ac<\/p>\n<p>La cotisation comprend l&rsquo;assurance, participation aux entra\u00eenements, et au championnat\/tournoi.<\/p>\n<p>Une r\u00e9duction de 10 % est accord\u00e9e au 2<sup>\u00e8me<\/sup> pratiquant ou plus de la m\u00eame famille habitant sous le m\u00eame toit. Cette remise est octroy\u00e9e sur la cotisation la plus basse.<\/p>\n<p>INFO utile: votre mutuelle intervient dans votre abonnement \u00e0 un Club de Sport (remboursement d&rsquo;un montant unique de mani\u00e8re annuelle)! N&rsquo;h\u00e9sitez pas \u00e0 consulter le site de votre mutuelle pour obtenir le formulaire de remboursement<\/p>\n<p><strong>Informations pour le paiement des cotisations avant le 30 septembre 2025<\/strong>\u00a0:<\/p>\n<p><em>IBAN<\/em> : BE25 0689 0242 5682<\/p>\n<p><em>Communication<\/em> : \u00ab Cotisation \u00bb + nom, pr\u00e9nom du joueur<\/p>\n<hr \/>\n<h2><strong>Adresse des salles<\/strong><\/h2>\n<p>Bulle \u00e0 Blegny : Espace Simone Veil, Place Sainte Gertrude 1, 4670 Blegny<\/p>\n<p>Hall Omnisports de Saive : Rue Haute-Saive 1A, 4671 Blegny<\/p>\n<h2><\/h2>\n","protected":false},"excerpt":{"rendered":"<p>Horaires 2025-2026 Cat\u00e9gorie Benjamins (enfants de 8 \u00e0 10 ans) Tous les lundis de 19h15 \u00e0 20h15 et mercredis de 18h \u00e0 19h00 (hors vacances scolaires) \u00e0 la Bulle \u00e0 Blegny. Cat\u00e9gories Minimes et Cadets (enfants de 10 \u00e0 14 ans) Tous les lundis de 19h15 \u00e0 20h15 et mercredis de 18h \u00e0 19h00 (hors<a class=\"moretag\" href=\"https:\/\/kinballhousse.be\/index.php\/entrainements-horaires\/\"><span class=\"screen-reader-text\">En savoir plus surEntra\u00eenements<\/span>[&#8230;]<\/a><\/p>\n","protected":false},"author":1,"featured_media":508,"parent":0,"menu_order":1,"comment_status":"closed","ping_status":"closed","template":"","meta":{"om_disable_all_campaigns":false,"_monsterinsights_skip_tracking":false,"_monsterinsights_sitenote_active":false,"_monsterinsights_sitenote_note":"","_monsterinsights_sitenote_category":0,"_uf_show_specific_survey":0,"_uf_disable_surveys":false,"footnotes":""},"class_list":["post-15","page","type-page","status-publish","has-post-thumbnail","hentry"],"aioseo_notices":[],"_links":{"self":[{"href":"https:\/\/kinballhousse.be\/index.php\/wp-json\/wp\/v2\/pages\/15","targetHints":{"allow":["GET"]}}],"collection":[{"href":"https:\/\/kinballhousse.be\/index.php\/wp-json\/wp\/v2\/pages"}],"about":[{"href":"https:\/\/kinballhousse.be\/index.php\/wp-json\/wp\/v2\/types\/page"}],"author":[{"embeddable":true,"href":"https:\/\/kinballhousse.be\/index.php\/wp-json\/wp\/v2\/users\/1"}],"replies":[{"embeddable":true,"href":"https:\/\/kinballhousse.be\/index.php\/wp-json\/wp\/v2\/comments?post=15"}],"version-history":[{"count":44,"href":"https:\/\/kinballhousse.be\/index.php\/wp-json\/wp\/v2\/pages\/15\/revisions"}],"predecessor-version":[{"id":3273,"href":"https:\/\/kinballhousse.be\/index.php\/wp-json\/wp\/v2\/pages\/15\/revisions\/3273"}],"wp:featuredmedia":[{"embeddable":true,"href":"https:\/\/kinballhousse.be\/index.php\/wp-json\/wp\/v2\/media\/508"}],"wp:attachment":[{"href":"https:\/\/kinballhousse.be\/index.php\/wp-json\/wp\/v2\/media?parent=15"}],"curies":[{"name":"wp","href":"https:\/\/api.w.org\/{rel}","templated":true}]}}