{"id":2,"date":"2017-09-11T11:26:24","date_gmt":"2017-09-11T09:26:24","guid":{"rendered":"http:\/\/kinballhousse.be\/?page_id=2"},"modified":"2023-12-29T17:23:50","modified_gmt":"2023-12-29T16:23:50","slug":"a-propos","status":"publish","type":"page","link":"https:\/\/kinballhousse.be\/index.php\/a-propos\/","title":{"rendered":"\u00c0 propos"},"content":{"rendered":"<p><a href=\"http:\/\/kinballhousse.be\/index.php\/a-propos\/le-kin-ball\/\">Le Kin-Ball<\/a><\/p>\n<p><a href=\"http:\/\/kinballhousse.be\/index.php\/a-propos\/le-kin-ball\/regles-de-base\/\">R\u00e8gles de base<\/a><\/p>\n<p><a href=\"http:\/\/kinballhousse.be\/index.php\/le-club-de-housse\/\">Le club de Housse<\/a><\/p>\n<p><a href=\"http:\/\/kinballhousse.be\/index.php\/r-o-i\/\">R\u00e8glement d&rsquo;ordre int\u00e9rieur<\/a><\/p>\n","protected":false},"excerpt":{"rendered":"<p>Le Kin-Ball R\u00e8gles de base Le club de Housse R\u00e8glement d&rsquo;ordre int\u00e9rieur<\/p>\n","protected":false},"author":1,"featured_media":0,"parent":0,"menu_order":1,"comment_status":"closed","ping_status":"open","template":"","meta":{"om_disable_all_campaigns":false,"_monsterinsights_skip_tracking":false,"_monsterinsights_sitenote_active":false,"_monsterinsights_sitenote_note":"","_monsterinsights_sitenote_category":0,"_uf_show_specific_survey":0,"_uf_disable_surveys":false,"footnotes":""},"class_list":["post-2","page","type-page","status-publish","hentry"],"aioseo_notices":[],"_links":{"self":[{"href":"https:\/\/kinballhousse.be\/index.php\/wp-json\/wp\/v2\/pages\/2","targetHints":{"allow":["GET"]}}],"collection":[{"href":"https:\/\/kinballhousse.be\/index.php\/wp-json\/wp\/v2\/pages"}],"about":[{"href":"https:\/\/kinballhousse.be\/index.php\/wp-json\/wp\/v2\/types\/page"}],"author":[{"embeddable":true,"href":"https:\/\/kinballhousse.be\/index.php\/wp-json\/wp\/v2\/users\/1"}],"replies":[{"embeddable":true,"href":"https:\/\/kinballhousse.be\/index.php\/wp-json\/wp\/v2\/comments?post=2"}],"version-history":[{"count":5,"href":"https:\/\/kinballhousse.be\/index.php\/wp-json\/wp\/v2\/pages\/2\/revisions"}],"predecessor-version":[{"id":2651,"href":"https:\/\/kinballhousse.be\/index.php\/wp-json\/wp\/v2\/pages\/2\/revisions\/2651"}],"wp:attachment":[{"href":"https:\/\/kinballhousse.be\/index.php\/wp-json\/wp\/v2\/media?parent=2"}],"curies":[{"name":"wp","href":"https:\/\/api.w.org\/{rel}","templated":true}]}}