{"id":2648,"date":"2023-12-29T17:18:51","date_gmt":"2023-12-29T16:18:51","guid":{"rendered":"https:\/\/kinballhousse.be\/?page_id=2648"},"modified":"2025-08-30T21:21:36","modified_gmt":"2025-08-30T19:21:36","slug":"documents","status":"publish","type":"page","link":"https:\/\/kinballhousse.be\/index.php\/documents\/","title":{"rendered":"Documents"},"content":{"rendered":"\n<p><a href=\"https:\/\/kinballhousse.be\/wp-content\/uploads\/2025\/08\/Informations-des-entrainements-2025-26.pdf\" target=\"_blank\" rel=\"noopener\" title=\"\">Informations des entrainements 2025-2026<\/a><\/p>\n\n\n\n<p><a href=\"https:\/\/kinballhousse.be\/wp-content\/uploads\/2023\/08\/Entrainements-Documents.pdf\" target=\"_blank\" rel=\"noopener\" title=\"\">Document d&rsquo;inscription au club<\/a><\/p>\n\n\n\n<p><a href=\"https:\/\/kinballhousse.be\/wp-content\/uploads\/2025\/07\/Fiche-medicale-saison-25-26.pdf\" target=\"_blank\" rel=\"noopener\" title=\"\">Fiche m\u00e9dicale individuelle saison 2025-2026<\/a><\/p>\n\n\n\n<p><a href=\"https:\/\/kinballhousse.be\/wp-content\/uploads\/2024\/08\/FFKB-DECLARATION-DACCIDENT-A.C.-2023.pdf\" target=\"_blank\" rel=\"noopener\" title=\"\">Formulaire de d\u00e9claration d&rsquo;accident&nbsp;<\/a><\/p>\n\n\n\n<p><a href=\"https:\/\/kinballhousse.be\/wp-content\/uploads\/2020\/09\/Autorisation-parentale-Controle-Anti-dopage.pdf\" target=\"_blank\" rel=\"noopener\" title=\"\">Autorisation parentale \u2013 Contr\u00f4le Anti-dopage<\/a><\/p>\n\n\n\n<p><a href=\"https:\/\/kinballhousse.be\/wp-content\/uploads\/2025\/08\/REGLEMENT-ROI-300825-1.pdf\" target=\"_blank\" rel=\"noopener\" title=\"\">R\u00e8glement d&rsquo;ordre int\u00e9rieur du 30 08 2025<\/a><\/p>\n\n\n\n<p><a href=\"https:\/\/kinballhousse.be\/wp-content\/uploads\/2025\/08\/Statuts-KinBall-Housse-30082025-1.pdf\" target=\"_blank\" rel=\"noopener\" title=\"\">Statuts du club du 30 08 2025<\/a><\/p>\n","protected":false},"excerpt":{"rendered":"<p>Informations des entrainements 2025-2026 Document d&rsquo;inscription au club Fiche m\u00e9dicale individuelle saison 2025-2026 Formulaire de d\u00e9claration d&rsquo;accident&nbsp; Autorisation parentale \u2013 Contr\u00f4le Anti-dopage R\u00e8glement d&rsquo;ordre int\u00e9rieur du 30 08 2025 Statuts du club du 30 08 2025<\/p>\n","protected":false},"author":4,"featured_media":0,"parent":0,"menu_order":0,"comment_status":"closed","ping_status":"closed","template":"","meta":{"om_disable_all_campaigns":false,"_monsterinsights_skip_tracking":false,"_monsterinsights_sitenote_active":false,"_monsterinsights_sitenote_note":"","_monsterinsights_sitenote_category":0,"_uf_show_specific_survey":0,"_uf_disable_surveys":false,"footnotes":""},"class_list":["post-2648","page","type-page","status-publish","hentry"],"aioseo_notices":[],"_links":{"self":[{"href":"https:\/\/kinballhousse.be\/index.php\/wp-json\/wp\/v2\/pages\/2648","targetHints":{"allow":["GET"]}}],"collection":[{"href":"https:\/\/kinballhousse.be\/index.php\/wp-json\/wp\/v2\/pages"}],"about":[{"href":"https:\/\/kinballhousse.be\/index.php\/wp-json\/wp\/v2\/types\/page"}],"author":[{"embeddable":true,"href":"https:\/\/kinballhousse.be\/index.php\/wp-json\/wp\/v2\/users\/4"}],"replies":[{"embeddable":true,"href":"https:\/\/kinballhousse.be\/index.php\/wp-json\/wp\/v2\/comments?post=2648"}],"version-history":[{"count":26,"href":"https:\/\/kinballhousse.be\/index.php\/wp-json\/wp\/v2\/pages\/2648\/revisions"}],"predecessor-version":[{"id":3310,"href":"https:\/\/kinballhousse.be\/index.php\/wp-json\/wp\/v2\/pages\/2648\/revisions\/3310"}],"wp:attachment":[{"href":"https:\/\/kinballhousse.be\/index.php\/wp-json\/wp\/v2\/media?parent=2648"}],"curies":[{"name":"wp","href":"https:\/\/api.w.org\/{rel}","templated":true}]}}