{"id":27,"date":"2017-09-11T21:50:51","date_gmt":"2017-09-11T19:50:51","guid":{"rendered":"http:\/\/kinballhousse.be\/?page_id=27"},"modified":"2024-03-12T10:01:16","modified_gmt":"2024-03-12T09:01:16","slug":"le-kin-ball","status":"publish","type":"page","link":"https:\/\/kinballhousse.be\/index.php\/a-propos\/le-kin-ball\/","title":{"rendered":"Le Kin-Ball\u00ae"},"content":{"rendered":"\n<p>Le sport Kin-Ball\u00ae a \u00e9t\u00e9 cr\u00e9\u00e9 au Qu\u00e9bec en 1986. Aujourd\u2019hui, il est pratiqu\u00e9 dans de nombreux pays comme la France, l\u2019Allemagne, l\u2019Espagne, le Japon, la Chine, la Cor\u00e9e du Sud et bien \u00e9videmment, la Belgique\u00a0!<\/p>\n\n\n<div class=\"wp-block-image\">\n<figure class=\"aligncenter\"><img loading=\"lazy\" decoding=\"async\" width=\"300\" height=\"204\" src=\"http:\/\/kinballhousse.be\/wp-content\/uploads\/2017\/09\/Image1-300x204.jpg\" alt=\"\" class=\"wp-image-29\" srcset=\"https:\/\/kinballhousse.be\/wp-content\/uploads\/2017\/09\/Image1-300x204.jpg 300w, https:\/\/kinballhousse.be\/wp-content\/uploads\/2017\/09\/Image1.jpg 722w\" sizes=\"auto, (max-width: 300px) 100vw, 300px\" \/><\/figure>\n<\/div>\n\n\n<h3 class=\"wp-block-heading\"><strong><em>Le Kin-Ball\u00ae, cela se joue comment\u00a0? <\/em><\/strong><\/h3>\n\n\n\n<p>Un match de Kin-Ball\u00ae se dispute entre trois \u00e9quipes de\u00a0couleurs\u00a0diff\u00e9rentes (bleu, gris, et noir) sur un terrain carr\u00e9 o\u00f9 4 joueurs par \u00e9quipe prennent place.<\/p>\n\n\n\n<p>L\u2019objectif est de servir le gigantesque ballon (1 m\u00e8tre 22 de diam\u00e8tre) en appelant une \u00e9quipe adverse de son choix de fa\u00e7on \u00e0 ce que celle-ci ne puisse pas le contr\u00f4ler avant qu\u2019elle ne touche le sol. Pour ce faire, 3 joueurs maintiennent la balle alors que le quatri\u00e8me r\u00e9alise une appellation et puis une frappe.<\/p>\n\n\n<div class=\"wp-block-image\">\n<figure class=\"alignright\"><img loading=\"lazy\" decoding=\"async\" width=\"300\" height=\"206\" src=\"http:\/\/kinballhousse.be\/wp-content\/uploads\/2017\/09\/FB_IMG_1503497765820-1-300x206.jpg\" alt=\"\" class=\"wp-image-30\" srcset=\"https:\/\/kinballhousse.be\/wp-content\/uploads\/2017\/09\/FB_IMG_1503497765820-1-300x206.jpg 300w, https:\/\/kinballhousse.be\/wp-content\/uploads\/2017\/09\/FB_IMG_1503497765820-1.jpg 718w\" sizes=\"auto, (max-width: 300px) 100vw, 300px\" \/><\/figure>\n<\/div>\n\n\n<p>Si la balle est r\u00e9ceptionn\u00e9e par l\u2019\u00e9quipe appel\u00e9e, c\u2019est au tour de celle-ci de devenir attaquante. Si par contre, la balle n\u2019est pas attrap\u00e9e et touche le sol, les deux autres \u00e9quipes marquent un point.<\/p>\n\n\n\n<p>Un match se joue par p\u00e9riodes de 13 points. L\u2019\u00e9quipe gagnante est celle qui remporte 3 p\u00e9riodes.<\/p>\n\n\n\n<p>Ce sport est facile \u00e0 apprendre gr\u00e2ce \u00e0 la taille et au faible poids du ballon (1 kg) et est de plus en plus pratiqu\u00e9 dans les \u00e9coles primaires \u00e0 partir de l\u2019\u00e2ge de 8 ans.<\/p>\n\n\n\n<h3 class=\"wp-block-heading\"><em><strong>Un sport v\u00e9hiculant de nombreuses valeurs<\/strong><\/em><\/h3>\n\n\n\n<p class=\"has-text-align-center\"><strong>Accessibilit\u00e9<\/strong><\/p>\n\n\n\n<p>Les personnes d\u00e9butant le Kin-Ball\u00ae n\u2019ont pas besoin d\u2019un bagage sportif \u00e9labor\u00e9. La technique de base est simple et ses r\u00e8gles faciles \u00e0 assimiler.<\/p>\n\n\n\n<p class=\"has-text-align-center\"><strong>Coop\u00e9ration<\/strong><\/p>\n\n\n\n<p>Au Kin-Ball\u00ae, aucune personne de l\u2019\u00e9quipe n\u2019est mise \u00e0 l\u2019\u00e9cart. En effet, \u00e0 chaque lancer, chaque joueur de l\u2019\u00e9quipe doit \u00eatre en contact corporel avec le ballon. Ce ne sera donc jamais un joueur qui sera sollicit\u00e9 individuellement mais toute l\u2019\u00e9quipe\u00a0!<\/p>\n\n\n\n<p class=\"has-text-align-center\"><strong>Fair-play<\/strong><\/p>\n\n\n\n<p>Les r\u00e8gles du jeu mentionnent que tout manque de respect envers une personne (joueur, arbitre, entra\u00eeneur, autres) ou le mat\u00e9riel est sanctionn\u00e9 par un avertissement. Les joueurs \u00e9voluent donc \u00e0 leur rythme sans crainte d\u2019\u00eatre ridiculis\u00e9s.<\/p>\n\n\n\n<p><a href=\"https:\/\/www.rtl.be\/sport\/tous-les-sports\/autres-sports\/la-decouverte-du-kin-ball-ce-sport-etonnant-aux-4-millions-de-participants\/2024-01-06\/article\/623527\" target=\"_blank\" rel=\"noopener\" title=\"\">\u00c0 la d\u00e9couverte du Kin-Ball\u00ae, ce sport \u00e9tonnant aux 4 millions de participants | RTL Info<\/a><\/p>\n","protected":false},"excerpt":{"rendered":"<p>Le sport Kin-Ball\u00ae a \u00e9t\u00e9 cr\u00e9\u00e9 au Qu\u00e9bec en 1986. Aujourd\u2019hui, il est pratiqu\u00e9 dans de nombreux pays comme la France, l\u2019Allemagne, l\u2019Espagne, le Japon, la Chine, la Cor\u00e9e du Sud et bien \u00e9videmment, la Belgique\u00a0! Le Kin-Ball\u00ae, cela se joue comment\u00a0? Un match de Kin-Ball\u00ae se dispute entre trois \u00e9quipes de\u00a0couleurs\u00a0diff\u00e9rentes (bleu, gris, et<a class=\"moretag\" href=\"https:\/\/kinballhousse.be\/index.php\/a-propos\/le-kin-ball\/\"><span class=\"screen-reader-text\">En savoir plus surLe Kin-Ball\u00ae<\/span>[&#8230;]<\/a><\/p>\n","protected":false},"author":1,"featured_media":0,"parent":2,"menu_order":1,"comment_status":"closed","ping_status":"closed","template":"","meta":{"om_disable_all_campaigns":false,"_monsterinsights_skip_tracking":false,"_monsterinsights_sitenote_active":false,"_monsterinsights_sitenote_note":"","_monsterinsights_sitenote_category":0,"_uf_show_specific_survey":0,"_uf_disable_surveys":false,"footnotes":""},"class_list":["post-27","page","type-page","status-publish","hentry"],"aioseo_notices":[],"_links":{"self":[{"href":"https:\/\/kinballhousse.be\/index.php\/wp-json\/wp\/v2\/pages\/27","targetHints":{"allow":["GET"]}}],"collection":[{"href":"https:\/\/kinballhousse.be\/index.php\/wp-json\/wp\/v2\/pages"}],"about":[{"href":"https:\/\/kinballhousse.be\/index.php\/wp-json\/wp\/v2\/types\/page"}],"author":[{"embeddable":true,"href":"https:\/\/kinballhousse.be\/index.php\/wp-json\/wp\/v2\/users\/1"}],"replies":[{"embeddable":true,"href":"https:\/\/kinballhousse.be\/index.php\/wp-json\/wp\/v2\/comments?post=27"}],"version-history":[{"count":6,"href":"https:\/\/kinballhousse.be\/index.php\/wp-json\/wp\/v2\/pages\/27\/revisions"}],"predecessor-version":[{"id":2834,"href":"https:\/\/kinballhousse.be\/index.php\/wp-json\/wp\/v2\/pages\/27\/revisions\/2834"}],"up":[{"embeddable":true,"href":"https:\/\/kinballhousse.be\/index.php\/wp-json\/wp\/v2\/pages\/2"}],"wp:attachment":[{"href":"https:\/\/kinballhousse.be\/index.php\/wp-json\/wp\/v2\/media?parent=27"}],"curies":[{"name":"wp","href":"https:\/\/api.w.org\/{rel}","templated":true}]}}