{"id":279,"date":"2017-10-04T18:57:39","date_gmt":"2017-10-04T16:57:39","guid":{"rendered":"http:\/\/kinballhousse.be\/?page_id=279"},"modified":"2026-03-31T21:51:41","modified_gmt":"2026-03-31T19:51:41","slug":"grilles-des-matchs","status":"publish","type":"page","link":"https:\/\/kinballhousse.be\/index.php\/grilles-des-matchs\/","title":{"rendered":"Grilles de matchs 2025-2026"},"content":{"rendered":"\n<p><em>Plus d&rsquo;informations dans les semaines \u00e0 venir&#8230;<\/em><\/p>\n\n\n\n<h3 class=\"wp-block-heading\">21 Septembre 2025 (H\u00e9ron)<\/h3>\n\n\n\n<figure class=\"wp-block-image size-full is-resized\"><img loading=\"lazy\" decoding=\"async\" width=\"802\" height=\"188\" src=\"https:\/\/kinballhousse.be\/wp-content\/uploads\/2025\/09\/image.png\" alt=\"\" class=\"wp-image-3327\" style=\"width:840px;height:auto\" srcset=\"https:\/\/kinballhousse.be\/wp-content\/uploads\/2025\/09\/image.png 802w, https:\/\/kinballhousse.be\/wp-content\/uploads\/2025\/09\/image-300x70.png 300w, https:\/\/kinballhousse.be\/wp-content\/uploads\/2025\/09\/image-768x180.png 768w\" sizes=\"auto, (max-width: 802px) 100vw, 802px\" \/><\/figure>\n\n\n\n<hr class=\"wp-block-separator has-alpha-channel-opacity\"\/>\n\n\n\n<h3 class=\"wp-block-heading\">05 Octobre 2025 (THIMISTER)<\/h3>\n\n\n\n<figure class=\"wp-block-image size-large\"><img loading=\"lazy\" decoding=\"async\" width=\"1024\" height=\"231\" src=\"https:\/\/kinballhousse.be\/wp-content\/uploads\/2025\/09\/Journee-2-051025-Thimister-1024x231.png\" alt=\"\" class=\"wp-image-3351\" srcset=\"https:\/\/kinballhousse.be\/wp-content\/uploads\/2025\/09\/Journee-2-051025-Thimister-1024x231.png 1024w, https:\/\/kinballhousse.be\/wp-content\/uploads\/2025\/09\/Journee-2-051025-Thimister-300x68.png 300w, https:\/\/kinballhousse.be\/wp-content\/uploads\/2025\/09\/Journee-2-051025-Thimister-768x173.png 768w, https:\/\/kinballhousse.be\/wp-content\/uploads\/2025\/09\/Journee-2-051025-Thimister.png 1266w\" sizes=\"auto, (max-width: 1024px) 100vw, 1024px\" \/><\/figure>\n\n\n\n<hr class=\"wp-block-separator has-alpha-channel-opacity\"\/>\n\n\n\n<h3 class=\"wp-block-heading\">18 Octobre 2025 (Verviers)<\/h3>\n\n\n\n<figure class=\"wp-block-image size-large\"><img loading=\"lazy\" decoding=\"async\" width=\"1024\" height=\"214\" src=\"https:\/\/kinballhousse.be\/wp-content\/uploads\/2025\/09\/Journee-3-181025-Verviers-1024x214.png\" alt=\"\" class=\"wp-image-3352\" srcset=\"https:\/\/kinballhousse.be\/wp-content\/uploads\/2025\/09\/Journee-3-181025-Verviers-1024x214.png 1024w, https:\/\/kinballhousse.be\/wp-content\/uploads\/2025\/09\/Journee-3-181025-Verviers-300x63.png 300w, https:\/\/kinballhousse.be\/wp-content\/uploads\/2025\/09\/Journee-3-181025-Verviers-768x161.png 768w, https:\/\/kinballhousse.be\/wp-content\/uploads\/2025\/09\/Journee-3-181025-Verviers.png 1276w\" sizes=\"auto, (max-width: 1024px) 100vw, 1024px\" \/><\/figure>\n\n\n\n<hr class=\"wp-block-separator has-alpha-channel-opacity\"\/>\n\n\n\n<h3 class=\"wp-block-heading\">09 Novembre 2025 (NIVELLES)<\/h3>\n\n\n\n<figure class=\"wp-block-image size-large\"><img loading=\"lazy\" decoding=\"async\" width=\"1024\" height=\"225\" src=\"https:\/\/kinballhousse.be\/wp-content\/uploads\/2025\/09\/Journee-4-091125-Nivelles-1024x225.png\" alt=\"\" class=\"wp-image-3354\" srcset=\"https:\/\/kinballhousse.be\/wp-content\/uploads\/2025\/09\/Journee-4-091125-Nivelles-1024x225.png 1024w, https:\/\/kinballhousse.be\/wp-content\/uploads\/2025\/09\/Journee-4-091125-Nivelles-300x66.png 300w, https:\/\/kinballhousse.be\/wp-content\/uploads\/2025\/09\/Journee-4-091125-Nivelles-768x169.png 768w, https:\/\/kinballhousse.be\/wp-content\/uploads\/2025\/09\/Journee-4-091125-Nivelles.png 1326w\" sizes=\"auto, (max-width: 1024px) 100vw, 1024px\" \/><\/figure>\n\n\n\n<hr class=\"wp-block-separator has-alpha-channel-opacity\"\/>\n\n\n\n<h3 class=\"wp-block-heading\">29 Novembre 2025 (K-ribou)<\/h3>\n\n\n\n<figure class=\"wp-block-image size-large\"><img loading=\"lazy\" decoding=\"async\" width=\"1024\" height=\"222\" src=\"https:\/\/kinballhousse.be\/wp-content\/uploads\/2025\/09\/Journee-5-291125-K-Ribou-1024x222.png\" alt=\"\" class=\"wp-image-3355\" srcset=\"https:\/\/kinballhousse.be\/wp-content\/uploads\/2025\/09\/Journee-5-291125-K-Ribou-1024x222.png 1024w, https:\/\/kinballhousse.be\/wp-content\/uploads\/2025\/09\/Journee-5-291125-K-Ribou-300x65.png 300w, https:\/\/kinballhousse.be\/wp-content\/uploads\/2025\/09\/Journee-5-291125-K-Ribou-768x167.png 768w, https:\/\/kinballhousse.be\/wp-content\/uploads\/2025\/09\/Journee-5-291125-K-Ribou.png 1314w\" sizes=\"auto, (max-width: 1024px) 100vw, 1024px\" \/><\/figure>\n\n\n\n<hr class=\"wp-block-separator has-alpha-channel-opacity\"\/>\n\n\n\n<h3 class=\"wp-block-heading\">06 D\u00e9cembre 2025 (AUBEL)<\/h3>\n\n\n\n<figure class=\"wp-block-image size-large\"><img loading=\"lazy\" decoding=\"async\" width=\"1024\" height=\"223\" src=\"https:\/\/kinballhousse.be\/wp-content\/uploads\/2025\/09\/Journee-6-061225-Aubel-1024x223.png\" alt=\"\" class=\"wp-image-3356\" srcset=\"https:\/\/kinballhousse.be\/wp-content\/uploads\/2025\/09\/Journee-6-061225-Aubel-1024x223.png 1024w, https:\/\/kinballhousse.be\/wp-content\/uploads\/2025\/09\/Journee-6-061225-Aubel-300x65.png 300w, https:\/\/kinballhousse.be\/wp-content\/uploads\/2025\/09\/Journee-6-061225-Aubel-768x167.png 768w, https:\/\/kinballhousse.be\/wp-content\/uploads\/2025\/09\/Journee-6-061225-Aubel.png 1322w\" sizes=\"auto, (max-width: 1024px) 100vw, 1024px\" \/><\/figure>\n\n\n\n<hr class=\"wp-block-separator has-alpha-channel-opacity\"\/>\n\n\n\n<h3 class=\"wp-block-heading\">14 D\u00e9cembre 2025 (FLERON)<\/h3>\n\n\n\n<figure class=\"wp-block-image size-large\"><img loading=\"lazy\" decoding=\"async\" width=\"1024\" height=\"211\" src=\"https:\/\/kinballhousse.be\/wp-content\/uploads\/2025\/09\/Journee-7-141225-Fleron-1024x211.png\" alt=\"\" class=\"wp-image-3357\" srcset=\"https:\/\/kinballhousse.be\/wp-content\/uploads\/2025\/09\/Journee-7-141225-Fleron-1024x211.png 1024w, https:\/\/kinballhousse.be\/wp-content\/uploads\/2025\/09\/Journee-7-141225-Fleron-300x62.png 300w, https:\/\/kinballhousse.be\/wp-content\/uploads\/2025\/09\/Journee-7-141225-Fleron-768x158.png 768w, https:\/\/kinballhousse.be\/wp-content\/uploads\/2025\/09\/Journee-7-141225-Fleron.png 1270w\" sizes=\"auto, (max-width: 1024px) 100vw, 1024px\" \/><\/figure>\n\n\n\n<hr class=\"wp-block-separator has-alpha-channel-opacity\"\/>\n\n\n\n<h3 class=\"wp-block-heading\">18 Janvier 2026 (HANNUT-LINCENT)<\/h3>\n\n\n\n<figure class=\"wp-block-image size-large\"><img loading=\"lazy\" decoding=\"async\" width=\"1024\" height=\"186\" src=\"https:\/\/kinballhousse.be\/wp-content\/uploads\/2025\/09\/Journee-8-180126-Hannut-Lincent-1024x186.png\" alt=\"\" class=\"wp-image-3358\" srcset=\"https:\/\/kinballhousse.be\/wp-content\/uploads\/2025\/09\/Journee-8-180126-Hannut-Lincent-1024x186.png 1024w, https:\/\/kinballhousse.be\/wp-content\/uploads\/2025\/09\/Journee-8-180126-Hannut-Lincent-300x55.png 300w, https:\/\/kinballhousse.be\/wp-content\/uploads\/2025\/09\/Journee-8-180126-Hannut-Lincent-768x140.png 768w, https:\/\/kinballhousse.be\/wp-content\/uploads\/2025\/09\/Journee-8-180126-Hannut-Lincent.png 1315w\" sizes=\"auto, (max-width: 1024px) 100vw, 1024px\" \/><\/figure>\n\n\n\n<hr class=\"wp-block-separator has-alpha-channel-opacity\"\/>\n\n\n\n<h3 class=\"wp-block-heading\">01 F\u00e9vrier 2026 (HERVE)<\/h3>\n\n\n\n<figure class=\"wp-block-image size-large\"><img loading=\"lazy\" decoding=\"async\" width=\"1024\" height=\"231\" src=\"https:\/\/kinballhousse.be\/wp-content\/uploads\/2025\/09\/Journee-9-010225-Herve-1024x231.png\" alt=\"\" class=\"wp-image-3359\" srcset=\"https:\/\/kinballhousse.be\/wp-content\/uploads\/2025\/09\/Journee-9-010225-Herve-1024x231.png 1024w, https:\/\/kinballhousse.be\/wp-content\/uploads\/2025\/09\/Journee-9-010225-Herve-300x68.png 300w, https:\/\/kinballhousse.be\/wp-content\/uploads\/2025\/09\/Journee-9-010225-Herve-768x173.png 768w, https:\/\/kinballhousse.be\/wp-content\/uploads\/2025\/09\/Journee-9-010225-Herve.png 1268w\" sizes=\"auto, (max-width: 1024px) 100vw, 1024px\" \/><\/figure>\n\n\n\n<hr class=\"wp-block-separator has-alpha-channel-opacity\"\/>\n\n\n\n<h3 class=\"wp-block-heading\">07 F\u00e9vrier 2026 (VERVIERS)<\/h3>\n\n\n\n<figure class=\"wp-block-image size-large\"><img loading=\"lazy\" decoding=\"async\" width=\"1024\" height=\"210\" src=\"https:\/\/kinballhousse.be\/wp-content\/uploads\/2025\/09\/Journee-10-070226-Verviers-1024x210.png\" alt=\"\" class=\"wp-image-3360\" srcset=\"https:\/\/kinballhousse.be\/wp-content\/uploads\/2025\/09\/Journee-10-070226-Verviers-1024x210.png 1024w, https:\/\/kinballhousse.be\/wp-content\/uploads\/2025\/09\/Journee-10-070226-Verviers-300x62.png 300w, https:\/\/kinballhousse.be\/wp-content\/uploads\/2025\/09\/Journee-10-070226-Verviers-768x158.png 768w, https:\/\/kinballhousse.be\/wp-content\/uploads\/2025\/09\/Journee-10-070226-Verviers.png 1266w\" sizes=\"auto, (max-width: 1024px) 100vw, 1024px\" \/><\/figure>\n\n\n\n<hr class=\"wp-block-separator has-alpha-channel-opacity\"\/>\n\n\n\n<h3 class=\"wp-block-heading\">15 F\u00e9vrier 2026 (OREYE)<\/h3>\n\n\n\n<figure class=\"wp-block-image size-large\"><img loading=\"lazy\" decoding=\"async\" width=\"1024\" height=\"204\" src=\"https:\/\/kinballhousse.be\/wp-content\/uploads\/2025\/09\/Journee-11-150226-Oreye-1024x204.png\" alt=\"\" class=\"wp-image-3361\" srcset=\"https:\/\/kinballhousse.be\/wp-content\/uploads\/2025\/09\/Journee-11-150226-Oreye-1024x204.png 1024w, https:\/\/kinballhousse.be\/wp-content\/uploads\/2025\/09\/Journee-11-150226-Oreye-300x60.png 300w, https:\/\/kinballhousse.be\/wp-content\/uploads\/2025\/09\/Journee-11-150226-Oreye-768x153.png 768w, https:\/\/kinballhousse.be\/wp-content\/uploads\/2025\/09\/Journee-11-150226-Oreye.png 1324w\" sizes=\"auto, (max-width: 1024px) 100vw, 1024px\" \/><\/figure>\n\n\n\n<hr class=\"wp-block-separator has-alpha-channel-opacity\"\/>\n\n\n\n<h3 class=\"wp-block-heading\">15 Mars 2026 (THIMISTER)<\/h3>\n\n\n\n<figure class=\"wp-block-image size-large\"><img loading=\"lazy\" decoding=\"async\" width=\"1024\" height=\"219\" src=\"https:\/\/kinballhousse.be\/wp-content\/uploads\/2025\/09\/Journee-12-150326-Hannut-Lincent-1024x219.png\" alt=\"\" class=\"wp-image-3362\" srcset=\"https:\/\/kinballhousse.be\/wp-content\/uploads\/2025\/09\/Journee-12-150326-Hannut-Lincent-1024x219.png 1024w, https:\/\/kinballhousse.be\/wp-content\/uploads\/2025\/09\/Journee-12-150326-Hannut-Lincent-300x64.png 300w, https:\/\/kinballhousse.be\/wp-content\/uploads\/2025\/09\/Journee-12-150326-Hannut-Lincent-768x164.png 768w, https:\/\/kinballhousse.be\/wp-content\/uploads\/2025\/09\/Journee-12-150326-Hannut-Lincent.png 1322w\" sizes=\"auto, (max-width: 1024px) 100vw, 1024px\" \/><\/figure>\n\n\n\n<hr class=\"wp-block-separator has-alpha-channel-opacity\"\/>\n\n\n\n<h3 class=\"wp-block-heading\">21 Mars 2026 (KBBTEAM)<\/h3>\n\n\n\n<figure class=\"wp-block-image size-large\"><img loading=\"lazy\" decoding=\"async\" width=\"1024\" height=\"213\" src=\"https:\/\/kinballhousse.be\/wp-content\/uploads\/2025\/09\/Journee-13-210326-KBBTeam-1024x213.png\" alt=\"\" class=\"wp-image-3363\" srcset=\"https:\/\/kinballhousse.be\/wp-content\/uploads\/2025\/09\/Journee-13-210326-KBBTeam-1024x213.png 1024w, https:\/\/kinballhousse.be\/wp-content\/uploads\/2025\/09\/Journee-13-210326-KBBTeam-300x62.png 300w, https:\/\/kinballhousse.be\/wp-content\/uploads\/2025\/09\/Journee-13-210326-KBBTeam-768x160.png 768w, https:\/\/kinballhousse.be\/wp-content\/uploads\/2025\/09\/Journee-13-210326-KBBTeam.png 1269w\" sizes=\"auto, (max-width: 1024px) 100vw, 1024px\" \/><\/figure>\n\n\n\n<hr class=\"wp-block-separator has-alpha-channel-opacity\"\/>\n\n\n\n<h3 class=\"wp-block-heading\">28 Mars 2026 (AUBEL)<\/h3>\n\n\n\n<figure class=\"wp-block-image size-large\"><img loading=\"lazy\" decoding=\"async\" width=\"1024\" height=\"217\" src=\"https:\/\/kinballhousse.be\/wp-content\/uploads\/2025\/09\/Journee-14-280326-Aubel-1024x217.png\" alt=\"\" class=\"wp-image-3364\" srcset=\"https:\/\/kinballhousse.be\/wp-content\/uploads\/2025\/09\/Journee-14-280326-Aubel-1024x217.png 1024w, https:\/\/kinballhousse.be\/wp-content\/uploads\/2025\/09\/Journee-14-280326-Aubel-300x63.png 300w, https:\/\/kinballhousse.be\/wp-content\/uploads\/2025\/09\/Journee-14-280326-Aubel-768x163.png 768w, https:\/\/kinballhousse.be\/wp-content\/uploads\/2025\/09\/Journee-14-280326-Aubel.png 1271w\" sizes=\"auto, (max-width: 1024px) 100vw, 1024px\" \/><\/figure>\n\n\n\n<hr class=\"wp-block-separator has-alpha-channel-opacity\"\/>\n\n\n\n<h3 class=\"wp-block-heading\">11 Avril 2026 (Saive) PO1<\/h3>\n\n\n\n<figure class=\"wp-block-image size-full\"><img loading=\"lazy\" decoding=\"async\" width=\"736\" height=\"208\" src=\"https:\/\/kinballhousse.be\/wp-content\/uploads\/2026\/03\/image-11.png\" alt=\"\" class=\"wp-image-3570\" srcset=\"https:\/\/kinballhousse.be\/wp-content\/uploads\/2026\/03\/image-11.png 736w, https:\/\/kinballhousse.be\/wp-content\/uploads\/2026\/03\/image-11-300x85.png 300w\" sizes=\"auto, (max-width: 736px) 100vw, 736px\" \/><\/figure>\n\n\n\n<hr class=\"wp-block-separator has-alpha-channel-opacity\"\/>\n\n\n\n<h3 class=\"wp-block-heading\">18 Avril 2026 (Oreye) PO2 &amp; Demi-Finales<\/h3>\n\n\n\n<figure class=\"wp-block-image size-full\"><img loading=\"lazy\" decoding=\"async\" width=\"921\" height=\"271\" src=\"https:\/\/kinballhousse.be\/wp-content\/uploads\/2026\/03\/image-12.png\" alt=\"\" class=\"wp-image-3572\" srcset=\"https:\/\/kinballhousse.be\/wp-content\/uploads\/2026\/03\/image-12.png 921w, https:\/\/kinballhousse.be\/wp-content\/uploads\/2026\/03\/image-12-300x88.png 300w, https:\/\/kinballhousse.be\/wp-content\/uploads\/2026\/03\/image-12-768x226.png 768w\" sizes=\"auto, (max-width: 921px) 100vw, 921px\" \/><\/figure>\n\n\n\n<hr class=\"wp-block-separator has-alpha-channel-opacity\"\/>\n\n\n\n<h3 class=\"wp-block-heading\">26 Avril 2026 (Battice) PO3 &amp; Finales<\/h3>\n\n\n\n<figure class=\"wp-block-image size-full\"><img loading=\"lazy\" decoding=\"async\" width=\"740\" height=\"203\" src=\"https:\/\/kinballhousse.be\/wp-content\/uploads\/2026\/03\/image-9.png\" alt=\"\" class=\"wp-image-3568\" srcset=\"https:\/\/kinballhousse.be\/wp-content\/uploads\/2026\/03\/image-9.png 740w, https:\/\/kinballhousse.be\/wp-content\/uploads\/2026\/03\/image-9-300x82.png 300w\" sizes=\"auto, (max-width: 740px) 100vw, 740px\" \/><\/figure>\n\n\n\n<hr class=\"wp-block-separator has-alpha-channel-opacity\"\/>\n\n\n\n<p><\/p>\n","protected":false},"excerpt":{"rendered":"<p>Plus d&rsquo;informations dans les semaines \u00e0 venir&#8230; 21 Septembre 2025 (H\u00e9ron) 05 Octobre 2025 (THIMISTER) 18 Octobre 2025 (Verviers) 09 Novembre 2025 (NIVELLES) 29 Novembre 2025 (K-ribou) 06 D\u00e9cembre 2025 (AUBEL) 14 D\u00e9cembre 2025 (FLERON) 18 Janvier 2026 (HANNUT-LINCENT) 01 F\u00e9vrier 2026 (HERVE) 07 F\u00e9vrier 2026 (VERVIERS) 15 F\u00e9vrier 2026 (OREYE) 15 Mars 2026 (THIMISTER)<a class=\"moretag\" href=\"https:\/\/kinballhousse.be\/index.php\/grilles-des-matchs\/\"><span class=\"screen-reader-text\">En savoir plus surGrilles de matchs 2025-2026<\/span>[&#8230;]<\/a><\/p>\n","protected":false},"author":1,"featured_media":0,"parent":0,"menu_order":0,"comment_status":"closed","ping_status":"closed","template":"","meta":{"om_disable_all_campaigns":false,"_monsterinsights_skip_tracking":false,"_monsterinsights_sitenote_active":false,"_monsterinsights_sitenote_note":"","_monsterinsights_sitenote_category":0,"_uf_show_specific_survey":0,"_uf_disable_surveys":false,"footnotes":""},"class_list":["post-279","page","type-page","status-publish","hentry"],"aioseo_notices":[],"_links":{"self":[{"href":"https:\/\/kinballhousse.be\/index.php\/wp-json\/wp\/v2\/pages\/279","targetHints":{"allow":["GET"]}}],"collection":[{"href":"https:\/\/kinballhousse.be\/index.php\/wp-json\/wp\/v2\/pages"}],"about":[{"href":"https:\/\/kinballhousse.be\/index.php\/wp-json\/wp\/v2\/types\/page"}],"author":[{"embeddable":true,"href":"https:\/\/kinballhousse.be\/index.php\/wp-json\/wp\/v2\/users\/1"}],"replies":[{"embeddable":true,"href":"https:\/\/kinballhousse.be\/index.php\/wp-json\/wp\/v2\/comments?post=279"}],"version-history":[{"count":41,"href":"https:\/\/kinballhousse.be\/index.php\/wp-json\/wp\/v2\/pages\/279\/revisions"}],"predecessor-version":[{"id":3573,"href":"https:\/\/kinballhousse.be\/index.php\/wp-json\/wp\/v2\/pages\/279\/revisions\/3573"}],"wp:attachment":[{"href":"https:\/\/kinballhousse.be\/index.php\/wp-json\/wp\/v2\/media?parent=279"}],"curies":[{"name":"wp","href":"https:\/\/api.w.org\/{rel}","templated":true}]}}