{"id":281,"date":"2017-10-04T18:57:53","date_gmt":"2017-10-04T16:57:53","guid":{"rendered":"http:\/\/kinballhousse.be\/?page_id=281"},"modified":"2026-04-20T11:11:57","modified_gmt":"2026-04-20T09:11:57","slug":"resultats","status":"publish","type":"page","link":"https:\/\/kinballhousse.be\/index.php\/resultats\/","title":{"rendered":"R\u00e9sultats"},"content":{"rendered":"\n<h3 class=\"wp-block-heading\">Journ\u00e9e 1<\/h3>\n\n\n\n<figure class=\"wp-block-image size-full is-resized\"><img loading=\"lazy\" decoding=\"async\" width=\"338\" height=\"600\" src=\"https:\/\/kinballhousse.be\/wp-content\/uploads\/2025\/09\/image-3.png\" alt=\"\" class=\"wp-image-3339\" style=\"aspect-ratio:0.5633389569427125;width:516px;height:auto\" srcset=\"https:\/\/kinballhousse.be\/wp-content\/uploads\/2025\/09\/image-3.png 338w, https:\/\/kinballhousse.be\/wp-content\/uploads\/2025\/09\/image-3-169x300.png 169w\" sizes=\"auto, (max-width: 338px) 100vw, 338px\" \/><\/figure>\n\n\n\n<p><\/p>\n\n\n\n<figure class=\"wp-block-image size-full is-resized\"><img loading=\"lazy\" decoding=\"async\" width=\"338\" height=\"600\" src=\"https:\/\/kinballhousse.be\/wp-content\/uploads\/2025\/09\/image-4.png\" alt=\"\" class=\"wp-image-3340\" style=\"aspect-ratio:0.5633389569427125;width:520px;height:auto\" srcset=\"https:\/\/kinballhousse.be\/wp-content\/uploads\/2025\/09\/image-4.png 338w, https:\/\/kinballhousse.be\/wp-content\/uploads\/2025\/09\/image-4-169x300.png 169w\" sizes=\"auto, (max-width: 338px) 100vw, 338px\" \/><\/figure>\n\n\n\n<h3 class=\"wp-block-heading\">Journ\u00e9e 2<\/h3>\n\n\n\n<figure class=\"wp-block-image size-full is-resized\"><img loading=\"lazy\" decoding=\"async\" width=\"517\" height=\"917\" src=\"https:\/\/kinballhousse.be\/wp-content\/uploads\/2025\/10\/image-3.png\" alt=\"\" class=\"wp-image-3374\" style=\"aspect-ratio:0.5637997755707739;width:522px;height:auto\" srcset=\"https:\/\/kinballhousse.be\/wp-content\/uploads\/2025\/10\/image-3.png 517w, https:\/\/kinballhousse.be\/wp-content\/uploads\/2025\/10\/image-3-169x300.png 169w\" sizes=\"auto, (max-width: 517px) 100vw, 517px\" \/><\/figure>\n\n\n\n<figure class=\"wp-block-image size-full is-resized\"><img loading=\"lazy\" decoding=\"async\" width=\"520\" height=\"921\" src=\"https:\/\/kinballhousse.be\/wp-content\/uploads\/2025\/10\/image-4.png\" alt=\"\" class=\"wp-image-3375\" style=\"aspect-ratio:0.5646109897496219;width:520px;height:auto\" srcset=\"https:\/\/kinballhousse.be\/wp-content\/uploads\/2025\/10\/image-4.png 520w, https:\/\/kinballhousse.be\/wp-content\/uploads\/2025\/10\/image-4-169x300.png 169w\" sizes=\"auto, (max-width: 520px) 100vw, 520px\" \/><\/figure>\n\n\n\n<h3 class=\"wp-block-heading\">Journ\u00e9e 3<\/h3>\n\n\n\n<figure class=\"wp-block-image size-full is-resized\"><img loading=\"lazy\" decoding=\"async\" width=\"332\" height=\"590\" src=\"https:\/\/kinballhousse.be\/wp-content\/uploads\/2025\/11\/image-3.png\" alt=\"\" class=\"wp-image-3413\" style=\"aspect-ratio:0.5627198124267292;width:523px;height:auto\" srcset=\"https:\/\/kinballhousse.be\/wp-content\/uploads\/2025\/11\/image-3.png 332w, https:\/\/kinballhousse.be\/wp-content\/uploads\/2025\/11\/image-3-169x300.png 169w\" sizes=\"auto, (max-width: 332px) 100vw, 332px\" \/><\/figure>\n\n\n\n<figure class=\"wp-block-image size-full is-resized\"><img loading=\"lazy\" decoding=\"async\" width=\"332\" height=\"590\" src=\"https:\/\/kinballhousse.be\/wp-content\/uploads\/2025\/11\/image-4.png\" alt=\"\" class=\"wp-image-3414\" style=\"aspect-ratio:0.5627198124267292;width:522px;height:auto\" srcset=\"https:\/\/kinballhousse.be\/wp-content\/uploads\/2025\/11\/image-4.png 332w, https:\/\/kinballhousse.be\/wp-content\/uploads\/2025\/11\/image-4-169x300.png 169w\" sizes=\"auto, (max-width: 332px) 100vw, 332px\" \/><\/figure>\n\n\n\n<h3 class=\"wp-block-heading\">Journ\u00e9e 4<\/h3>\n\n\n\n<figure class=\"wp-block-image size-full is-resized\"><img loading=\"lazy\" decoding=\"async\" width=\"332\" height=\"590\" src=\"https:\/\/kinballhousse.be\/wp-content\/uploads\/2025\/11\/image-1.png\" alt=\"\" class=\"wp-image-3410\" style=\"aspect-ratio:0.5627198124267292;width:524px;height:auto\" srcset=\"https:\/\/kinballhousse.be\/wp-content\/uploads\/2025\/11\/image-1.png 332w, https:\/\/kinballhousse.be\/wp-content\/uploads\/2025\/11\/image-1-169x300.png 169w\" sizes=\"auto, (max-width: 332px) 100vw, 332px\" \/><\/figure>\n\n\n\n<figure class=\"wp-block-image size-full is-resized\"><img loading=\"lazy\" decoding=\"async\" width=\"332\" height=\"590\" src=\"https:\/\/kinballhousse.be\/wp-content\/uploads\/2025\/11\/image-2.png\" alt=\"\" class=\"wp-image-3412\" style=\"aspect-ratio:0.5627198124267292;width:528px;height:auto\" srcset=\"https:\/\/kinballhousse.be\/wp-content\/uploads\/2025\/11\/image-2.png 332w, https:\/\/kinballhousse.be\/wp-content\/uploads\/2025\/11\/image-2-169x300.png 169w\" sizes=\"auto, (max-width: 332px) 100vw, 332px\" \/><\/figure>\n\n\n\n<h3 class=\"wp-block-heading\">Journ\u00e9e 5<\/h3>\n\n\n\n<figure class=\"wp-block-image size-full is-resized\"><img loading=\"lazy\" decoding=\"async\" width=\"474\" height=\"855\" src=\"https:\/\/kinballhousse.be\/wp-content\/uploads\/2025\/12\/image-1.png\" alt=\"\" class=\"wp-image-3429\" style=\"aspect-ratio:0.5543868333127088;width:521px;height:auto\" srcset=\"https:\/\/kinballhousse.be\/wp-content\/uploads\/2025\/12\/image-1.png 474w, https:\/\/kinballhousse.be\/wp-content\/uploads\/2025\/12\/image-1-166x300.png 166w\" sizes=\"auto, (max-width: 474px) 100vw, 474px\" \/><\/figure>\n\n\n\n<figure class=\"wp-block-image size-full is-resized\"><img loading=\"lazy\" decoding=\"async\" width=\"502\" height=\"870\" src=\"https:\/\/kinballhousse.be\/wp-content\/uploads\/2025\/12\/image-2.png\" alt=\"\" class=\"wp-image-3430\" style=\"aspect-ratio:0.5770159602442873;width:517px;height:auto\" srcset=\"https:\/\/kinballhousse.be\/wp-content\/uploads\/2025\/12\/image-2.png 502w, https:\/\/kinballhousse.be\/wp-content\/uploads\/2025\/12\/image-2-173x300.png 173w\" sizes=\"auto, (max-width: 502px) 100vw, 502px\" \/><\/figure>\n\n\n\n<h3 class=\"wp-block-heading\">Journ\u00e9e 6<\/h3>\n\n\n\n<figure class=\"wp-block-image size-full is-resized\"><img loading=\"lazy\" decoding=\"async\" width=\"332\" height=\"590\" src=\"https:\/\/kinballhousse.be\/wp-content\/uploads\/2025\/12\/image-3.png\" alt=\"\" class=\"wp-image-3439\" style=\"aspect-ratio:0.5627151290328334;width:516px;height:auto\" srcset=\"https:\/\/kinballhousse.be\/wp-content\/uploads\/2025\/12\/image-3.png 332w, https:\/\/kinballhousse.be\/wp-content\/uploads\/2025\/12\/image-3-169x300.png 169w\" sizes=\"auto, (max-width: 332px) 100vw, 332px\" \/><\/figure>\n\n\n\n<figure class=\"wp-block-image size-large is-resized\"><img loading=\"lazy\" decoding=\"async\" width=\"576\" height=\"1024\" src=\"https:\/\/kinballhousse.be\/wp-content\/uploads\/2025\/12\/image-4-576x1024.png\" alt=\"\" class=\"wp-image-3440\" style=\"width:517px;height:auto\" srcset=\"https:\/\/kinballhousse.be\/wp-content\/uploads\/2025\/12\/image-4-576x1024.png 576w, https:\/\/kinballhousse.be\/wp-content\/uploads\/2025\/12\/image-4-169x300.png 169w, https:\/\/kinballhousse.be\/wp-content\/uploads\/2025\/12\/image-4-768x1365.png 768w, https:\/\/kinballhousse.be\/wp-content\/uploads\/2025\/12\/image-4-864x1536.png 864w, https:\/\/kinballhousse.be\/wp-content\/uploads\/2025\/12\/image-4.png 1080w\" sizes=\"auto, (max-width: 576px) 100vw, 576px\" \/><\/figure>\n\n\n\n<h3 class=\"wp-block-heading\">Journ\u00e9e 7<\/h3>\n\n\n\n<figure class=\"wp-block-image size-large is-resized\"><img loading=\"lazy\" decoding=\"async\" width=\"576\" height=\"1024\" src=\"https:\/\/kinballhousse.be\/wp-content\/uploads\/2025\/12\/image-6-576x1024.png\" alt=\"\" class=\"wp-image-3448\" style=\"width:520px;height:auto\" srcset=\"https:\/\/kinballhousse.be\/wp-content\/uploads\/2025\/12\/image-6-576x1024.png 576w, https:\/\/kinballhousse.be\/wp-content\/uploads\/2025\/12\/image-6-169x300.png 169w, https:\/\/kinballhousse.be\/wp-content\/uploads\/2025\/12\/image-6-768x1365.png 768w, https:\/\/kinballhousse.be\/wp-content\/uploads\/2025\/12\/image-6-864x1536.png 864w, https:\/\/kinballhousse.be\/wp-content\/uploads\/2025\/12\/image-6.png 1080w\" sizes=\"auto, (max-width: 576px) 100vw, 576px\" \/><\/figure>\n\n\n\n<figure class=\"wp-block-image size-large is-resized\"><img loading=\"lazy\" decoding=\"async\" width=\"576\" height=\"1024\" src=\"https:\/\/kinballhousse.be\/wp-content\/uploads\/2025\/12\/image-5-576x1024.png\" alt=\"\" class=\"wp-image-3447\" style=\"width:518px;height:auto\" srcset=\"https:\/\/kinballhousse.be\/wp-content\/uploads\/2025\/12\/image-5-576x1024.png 576w, https:\/\/kinballhousse.be\/wp-content\/uploads\/2025\/12\/image-5-169x300.png 169w, https:\/\/kinballhousse.be\/wp-content\/uploads\/2025\/12\/image-5-768x1365.png 768w, https:\/\/kinballhousse.be\/wp-content\/uploads\/2025\/12\/image-5-864x1536.png 864w, https:\/\/kinballhousse.be\/wp-content\/uploads\/2025\/12\/image-5.png 1080w\" sizes=\"auto, (max-width: 576px) 100vw, 576px\" \/><\/figure>\n\n\n\n<h3 class=\"wp-block-heading\">Journ\u00e9e 8<\/h3>\n\n\n\n<figure class=\"wp-block-image size-full is-resized\"><img loading=\"lazy\" decoding=\"async\" width=\"332\" height=\"590\" src=\"https:\/\/kinballhousse.be\/wp-content\/uploads\/2026\/01\/image-1.png\" alt=\"\" class=\"wp-image-3477\" style=\"width:522px;height:auto\" srcset=\"https:\/\/kinballhousse.be\/wp-content\/uploads\/2026\/01\/image-1.png 332w, https:\/\/kinballhousse.be\/wp-content\/uploads\/2026\/01\/image-1-169x300.png 169w\" sizes=\"auto, (max-width: 332px) 100vw, 332px\" \/><\/figure>\n\n\n\n<figure class=\"wp-block-image size-full is-resized\"><img loading=\"lazy\" decoding=\"async\" width=\"332\" height=\"590\" src=\"https:\/\/kinballhousse.be\/wp-content\/uploads\/2026\/01\/image-2.png\" alt=\"\" class=\"wp-image-3478\" style=\"width:522px;height:auto\" srcset=\"https:\/\/kinballhousse.be\/wp-content\/uploads\/2026\/01\/image-2.png 332w, https:\/\/kinballhousse.be\/wp-content\/uploads\/2026\/01\/image-2-169x300.png 169w\" sizes=\"auto, (max-width: 332px) 100vw, 332px\" \/><\/figure>\n\n\n\n<h3 class=\"wp-block-heading\">Journ\u00e9e 9<\/h3>\n\n\n\n<figure class=\"wp-block-image size-large\"><img loading=\"lazy\" decoding=\"async\" width=\"576\" height=\"1024\" src=\"https:\/\/kinballhousse.be\/wp-content\/uploads\/2026\/02\/image-576x1024.png\" alt=\"\" class=\"wp-image-3494\" srcset=\"https:\/\/kinballhousse.be\/wp-content\/uploads\/2026\/02\/image-576x1024.png 576w, https:\/\/kinballhousse.be\/wp-content\/uploads\/2026\/02\/image-169x300.png 169w, https:\/\/kinballhousse.be\/wp-content\/uploads\/2026\/02\/image-768x1365.png 768w, https:\/\/kinballhousse.be\/wp-content\/uploads\/2026\/02\/image-864x1536.png 864w, https:\/\/kinballhousse.be\/wp-content\/uploads\/2026\/02\/image.png 1080w\" sizes=\"auto, (max-width: 576px) 100vw, 576px\" \/><\/figure>\n\n\n\n<figure class=\"wp-block-image size-large\"><img loading=\"lazy\" decoding=\"async\" width=\"576\" height=\"1024\" src=\"https:\/\/kinballhousse.be\/wp-content\/uploads\/2026\/02\/image-1-576x1024.png\" alt=\"\" class=\"wp-image-3495\" srcset=\"https:\/\/kinballhousse.be\/wp-content\/uploads\/2026\/02\/image-1-576x1024.png 576w, https:\/\/kinballhousse.be\/wp-content\/uploads\/2026\/02\/image-1-169x300.png 169w, https:\/\/kinballhousse.be\/wp-content\/uploads\/2026\/02\/image-1-768x1365.png 768w, https:\/\/kinballhousse.be\/wp-content\/uploads\/2026\/02\/image-1-864x1536.png 864w, https:\/\/kinballhousse.be\/wp-content\/uploads\/2026\/02\/image-1.png 1080w\" sizes=\"auto, (max-width: 576px) 100vw, 576px\" \/><\/figure>\n\n\n\n<h3 class=\"wp-block-heading\">Journ\u00e9e 10<\/h3>\n\n\n\n<figure class=\"wp-block-image size-large\"><img loading=\"lazy\" decoding=\"async\" width=\"576\" height=\"1024\" src=\"https:\/\/kinballhousse.be\/wp-content\/uploads\/2026\/02\/image-5-576x1024.png\" alt=\"\" class=\"wp-image-3513\" srcset=\"https:\/\/kinballhousse.be\/wp-content\/uploads\/2026\/02\/image-5-576x1024.png 576w, https:\/\/kinballhousse.be\/wp-content\/uploads\/2026\/02\/image-5-169x300.png 169w, https:\/\/kinballhousse.be\/wp-content\/uploads\/2026\/02\/image-5-768x1365.png 768w, https:\/\/kinballhousse.be\/wp-content\/uploads\/2026\/02\/image-5-864x1536.png 864w, https:\/\/kinballhousse.be\/wp-content\/uploads\/2026\/02\/image-5.png 1080w\" sizes=\"auto, (max-width: 576px) 100vw, 576px\" \/><\/figure>\n\n\n\n<figure class=\"wp-block-image size-large\"><img loading=\"lazy\" decoding=\"async\" width=\"576\" height=\"1024\" src=\"https:\/\/kinballhousse.be\/wp-content\/uploads\/2026\/02\/image-6-576x1024.png\" alt=\"\" class=\"wp-image-3514\" srcset=\"https:\/\/kinballhousse.be\/wp-content\/uploads\/2026\/02\/image-6-576x1024.png 576w, https:\/\/kinballhousse.be\/wp-content\/uploads\/2026\/02\/image-6-169x300.png 169w, https:\/\/kinballhousse.be\/wp-content\/uploads\/2026\/02\/image-6-768x1365.png 768w, https:\/\/kinballhousse.be\/wp-content\/uploads\/2026\/02\/image-6-864x1536.png 864w, https:\/\/kinballhousse.be\/wp-content\/uploads\/2026\/02\/image-6.png 1080w\" sizes=\"auto, (max-width: 576px) 100vw, 576px\" \/><\/figure>\n\n\n\n<h3 class=\"wp-block-heading\">Journ\u00e9e 11<\/h3>\n\n\n\n<figure class=\"wp-block-image size-full is-resized\"><img loading=\"lazy\" decoding=\"async\" width=\"332\" height=\"590\" src=\"https:\/\/kinballhousse.be\/wp-content\/uploads\/2026\/02\/image-8.png\" alt=\"\" class=\"wp-image-3523\" style=\"aspect-ratio:0.5627204642999878;width:572px;height:auto\" srcset=\"https:\/\/kinballhousse.be\/wp-content\/uploads\/2026\/02\/image-8.png 332w, https:\/\/kinballhousse.be\/wp-content\/uploads\/2026\/02\/image-8-169x300.png 169w\" sizes=\"auto, (max-width: 332px) 100vw, 332px\" \/><\/figure>\n\n\n\n<figure class=\"wp-block-image size-full is-resized\"><img loading=\"lazy\" decoding=\"async\" width=\"332\" height=\"590\" src=\"https:\/\/kinballhousse.be\/wp-content\/uploads\/2026\/02\/image-9.png\" alt=\"\" class=\"wp-image-3524\" style=\"width:576px;height:auto\" srcset=\"https:\/\/kinballhousse.be\/wp-content\/uploads\/2026\/02\/image-9.png 332w, https:\/\/kinballhousse.be\/wp-content\/uploads\/2026\/02\/image-9-169x300.png 169w\" sizes=\"auto, (max-width: 332px) 100vw, 332px\" \/><\/figure>\n\n\n\n<h3 class=\"wp-block-heading\">Journ\u00e9e 12<\/h3>\n\n\n\n<figure class=\"wp-block-image size-large\"><img loading=\"lazy\" decoding=\"async\" width=\"576\" height=\"1024\" src=\"https:\/\/kinballhousse.be\/wp-content\/uploads\/2026\/03\/image-3-576x1024.png\" alt=\"\" class=\"wp-image-3540\" srcset=\"https:\/\/kinballhousse.be\/wp-content\/uploads\/2026\/03\/image-3-576x1024.png 576w, https:\/\/kinballhousse.be\/wp-content\/uploads\/2026\/03\/image-3-169x300.png 169w, https:\/\/kinballhousse.be\/wp-content\/uploads\/2026\/03\/image-3-768x1365.png 768w, https:\/\/kinballhousse.be\/wp-content\/uploads\/2026\/03\/image-3-864x1536.png 864w, https:\/\/kinballhousse.be\/wp-content\/uploads\/2026\/03\/image-3.png 1080w\" sizes=\"auto, (max-width: 576px) 100vw, 576px\" \/><\/figure>\n\n\n\n<figure class=\"wp-block-image size-large\"><img loading=\"lazy\" decoding=\"async\" width=\"576\" height=\"1024\" src=\"https:\/\/kinballhousse.be\/wp-content\/uploads\/2026\/03\/image-4-576x1024.png\" alt=\"\" class=\"wp-image-3542\" srcset=\"https:\/\/kinballhousse.be\/wp-content\/uploads\/2026\/03\/image-4-576x1024.png 576w, https:\/\/kinballhousse.be\/wp-content\/uploads\/2026\/03\/image-4-169x300.png 169w, https:\/\/kinballhousse.be\/wp-content\/uploads\/2026\/03\/image-4-768x1365.png 768w, https:\/\/kinballhousse.be\/wp-content\/uploads\/2026\/03\/image-4-864x1536.png 864w, https:\/\/kinballhousse.be\/wp-content\/uploads\/2026\/03\/image-4.png 1080w\" sizes=\"auto, (max-width: 576px) 100vw, 576px\" \/><\/figure>\n\n\n\n<h3 class=\"wp-block-heading\">Journ\u00e9e 13<\/h3>\n\n\n\n<figure class=\"wp-block-image size-large\"><img loading=\"lazy\" decoding=\"async\" width=\"576\" height=\"1024\" src=\"https:\/\/kinballhousse.be\/wp-content\/uploads\/2026\/03\/image-7-576x1024.png\" alt=\"\" class=\"wp-image-3562\" srcset=\"https:\/\/kinballhousse.be\/wp-content\/uploads\/2026\/03\/image-7-576x1024.png 576w, https:\/\/kinballhousse.be\/wp-content\/uploads\/2026\/03\/image-7-169x300.png 169w, https:\/\/kinballhousse.be\/wp-content\/uploads\/2026\/03\/image-7-768x1365.png 768w, https:\/\/kinballhousse.be\/wp-content\/uploads\/2026\/03\/image-7-864x1536.png 864w, https:\/\/kinballhousse.be\/wp-content\/uploads\/2026\/03\/image-7.png 1080w\" sizes=\"auto, (max-width: 576px) 100vw, 576px\" \/><\/figure>\n\n\n\n<figure class=\"wp-block-image size-large\"><img loading=\"lazy\" decoding=\"async\" width=\"576\" height=\"1024\" src=\"https:\/\/kinballhousse.be\/wp-content\/uploads\/2026\/03\/image-8-576x1024.png\" alt=\"\" class=\"wp-image-3564\" srcset=\"https:\/\/kinballhousse.be\/wp-content\/uploads\/2026\/03\/image-8-576x1024.png 576w, https:\/\/kinballhousse.be\/wp-content\/uploads\/2026\/03\/image-8-169x300.png 169w, https:\/\/kinballhousse.be\/wp-content\/uploads\/2026\/03\/image-8-768x1365.png 768w, https:\/\/kinballhousse.be\/wp-content\/uploads\/2026\/03\/image-8-864x1536.png 864w, https:\/\/kinballhousse.be\/wp-content\/uploads\/2026\/03\/image-8.png 1080w\" sizes=\"auto, (max-width: 576px) 100vw, 576px\" \/><\/figure>\n\n\n\n<h3 class=\"wp-block-heading\">Journ\u00e9e 14<\/h3>\n\n\n\n<figure class=\"wp-block-image size-full is-resized\"><img loading=\"lazy\" decoding=\"async\" width=\"332\" height=\"590\" src=\"https:\/\/kinballhousse.be\/wp-content\/uploads\/2026\/04\/image-1.png\" alt=\"\" class=\"wp-image-3577\" style=\"width:572px;height:auto\" srcset=\"https:\/\/kinballhousse.be\/wp-content\/uploads\/2026\/04\/image-1.png 332w, https:\/\/kinballhousse.be\/wp-content\/uploads\/2026\/04\/image-1-169x300.png 169w\" sizes=\"auto, (max-width: 332px) 100vw, 332px\" \/><\/figure>\n\n\n\n<figure class=\"wp-block-image size-full is-resized\"><img loading=\"lazy\" decoding=\"async\" width=\"332\" height=\"590\" src=\"https:\/\/kinballhousse.be\/wp-content\/uploads\/2026\/04\/image-2.png\" alt=\"\" class=\"wp-image-3578\" style=\"width:571px;height:auto\" srcset=\"https:\/\/kinballhousse.be\/wp-content\/uploads\/2026\/04\/image-2.png 332w, https:\/\/kinballhousse.be\/wp-content\/uploads\/2026\/04\/image-2-169x300.png 169w\" sizes=\"auto, (max-width: 332px) 100vw, 332px\" \/><\/figure>\n\n\n\n<h3 class=\"wp-block-heading\">Journ\u00e9e PO1<\/h3>\n\n\n\n<figure class=\"wp-block-image size-large\"><img loading=\"lazy\" decoding=\"async\" width=\"576\" height=\"1024\" src=\"https:\/\/kinballhousse.be\/wp-content\/uploads\/2026\/04\/image-5-576x1024.png\" alt=\"\" class=\"wp-image-3588\" srcset=\"https:\/\/kinballhousse.be\/wp-content\/uploads\/2026\/04\/image-5-576x1024.png 576w, https:\/\/kinballhousse.be\/wp-content\/uploads\/2026\/04\/image-5-169x300.png 169w, https:\/\/kinballhousse.be\/wp-content\/uploads\/2026\/04\/image-5-768x1365.png 768w, https:\/\/kinballhousse.be\/wp-content\/uploads\/2026\/04\/image-5-864x1536.png 864w, https:\/\/kinballhousse.be\/wp-content\/uploads\/2026\/04\/image-5.png 1080w\" sizes=\"auto, (max-width: 576px) 100vw, 576px\" \/><\/figure>\n\n\n\n<h3 class=\"wp-block-heading\">Journ\u00e9e PO2 &amp; Demi &#8211; Finales<\/h3>\n\n\n\n<figure class=\"wp-block-image size-large\"><img loading=\"lazy\" decoding=\"async\" width=\"576\" height=\"1024\" src=\"https:\/\/kinballhousse.be\/wp-content\/uploads\/2026\/04\/image-6-576x1024.png\" alt=\"\" class=\"wp-image-3594\" srcset=\"https:\/\/kinballhousse.be\/wp-content\/uploads\/2026\/04\/image-6-576x1024.png 576w, https:\/\/kinballhousse.be\/wp-content\/uploads\/2026\/04\/image-6-169x300.png 169w, https:\/\/kinballhousse.be\/wp-content\/uploads\/2026\/04\/image-6-768x1365.png 768w, https:\/\/kinballhousse.be\/wp-content\/uploads\/2026\/04\/image-6-864x1536.png 864w, https:\/\/kinballhousse.be\/wp-content\/uploads\/2026\/04\/image-6.png 1080w\" sizes=\"auto, (max-width: 576px) 100vw, 576px\" \/><\/figure>\n\n\n\n<h3 class=\"wp-block-heading\">Journ\u00e9e PO3 &amp; Finales<\/h3>\n\n\n\n<p><\/p>\n\n\n\n<h3 class=\"wp-block-heading\"><\/h3>\n","protected":false},"excerpt":{"rendered":"<p>Journ\u00e9e 1 Journ\u00e9e 2 Journ\u00e9e 3 Journ\u00e9e 4 Journ\u00e9e 5 Journ\u00e9e 6 Journ\u00e9e 7 Journ\u00e9e 8 Journ\u00e9e 9 Journ\u00e9e 10 Journ\u00e9e 11 Journ\u00e9e 12 Journ\u00e9e 13 Journ\u00e9e 14 Journ\u00e9e PO1 Journ\u00e9e PO2 &amp; Demi &#8211; Finales Journ\u00e9e PO3 &amp; Finales<\/p>\n","protected":false},"author":1,"featured_media":0,"parent":0,"menu_order":0,"comment_status":"closed","ping_status":"closed","template":"","meta":{"om_disable_all_campaigns":false,"_monsterinsights_skip_tracking":false,"_monsterinsights_sitenote_active":false,"_monsterinsights_sitenote_note":"","_monsterinsights_sitenote_category":0,"_uf_show_specific_survey":0,"_uf_disable_surveys":false,"footnotes":""},"class_list":["post-281","page","type-page","status-publish","hentry"],"aioseo_notices":[],"_links":{"self":[{"href":"https:\/\/kinballhousse.be\/index.php\/wp-json\/wp\/v2\/pages\/281","targetHints":{"allow":["GET"]}}],"collection":[{"href":"https:\/\/kinballhousse.be\/index.php\/wp-json\/wp\/v2\/pages"}],"about":[{"href":"https:\/\/kinballhousse.be\/index.php\/wp-json\/wp\/v2\/types\/page"}],"author":[{"embeddable":true,"href":"https:\/\/kinballhousse.be\/index.php\/wp-json\/wp\/v2\/users\/1"}],"replies":[{"embeddable":true,"href":"https:\/\/kinballhousse.be\/index.php\/wp-json\/wp\/v2\/comments?post=281"}],"version-history":[{"count":46,"href":"https:\/\/kinballhousse.be\/index.php\/wp-json\/wp\/v2\/pages\/281\/revisions"}],"predecessor-version":[{"id":3595,"href":"https:\/\/kinballhousse.be\/index.php\/wp-json\/wp\/v2\/pages\/281\/revisions\/3595"}],"wp:attachment":[{"href":"https:\/\/kinballhousse.be\/index.php\/wp-json\/wp\/v2\/media?parent=281"}],"curies":[{"name":"wp","href":"https:\/\/api.w.org\/{rel}","templated":true}]}}