{"id":44,"date":"2017-09-11T22:34:26","date_gmt":"2017-09-11T20:34:26","guid":{"rendered":"http:\/\/kinballhousse.be\/?page_id=44"},"modified":"2017-09-11T22:34:26","modified_gmt":"2017-09-11T20:34:26","slug":"regles-de-base","status":"publish","type":"page","link":"https:\/\/kinballhousse.be\/index.php\/a-propos\/le-kin-ball\/regles-de-base\/","title":{"rendered":"R\u00e8gles de base"},"content":{"rendered":"<p>Cette vid\u00e9o explicative vous permettra d&rsquo;avoir un aper\u00e7u des r\u00e8gles de base du sport Kin-Ball<\/p>\n<div class=\"llorix-one-lite-video-container\"><iframe loading=\"lazy\" width=\"730\" height=\"411\" src=\"https:\/\/www.youtube.com\/embed\/ogQ3aUCbYBk?feature=oembed\" frameborder=\"0\" allowfullscreen><\/iframe><\/div>\n","protected":false},"excerpt":{"rendered":"<p>Cette vid\u00e9o explicative vous permettra d&rsquo;avoir un aper\u00e7u des r\u00e8gles de base du sport Kin-Ball<\/p>\n","protected":false},"author":1,"featured_media":0,"parent":27,"menu_order":0,"comment_status":"closed","ping_status":"closed","template":"","meta":{"om_disable_all_campaigns":false,"_monsterinsights_skip_tracking":false,"_monsterinsights_sitenote_active":false,"_monsterinsights_sitenote_note":"","_monsterinsights_sitenote_category":0,"_uf_show_specific_survey":0,"_uf_disable_surveys":false,"footnotes":""},"class_list":["post-44","page","type-page","status-publish","hentry"],"aioseo_notices":[],"_links":{"self":[{"href":"https:\/\/kinballhousse.be\/index.php\/wp-json\/wp\/v2\/pages\/44","targetHints":{"allow":["GET"]}}],"collection":[{"href":"https:\/\/kinballhousse.be\/index.php\/wp-json\/wp\/v2\/pages"}],"about":[{"href":"https:\/\/kinballhousse.be\/index.php\/wp-json\/wp\/v2\/types\/page"}],"author":[{"embeddable":true,"href":"https:\/\/kinballhousse.be\/index.php\/wp-json\/wp\/v2\/users\/1"}],"replies":[{"embeddable":true,"href":"https:\/\/kinballhousse.be\/index.php\/wp-json\/wp\/v2\/comments?post=44"}],"version-history":[{"count":1,"href":"https:\/\/kinballhousse.be\/index.php\/wp-json\/wp\/v2\/pages\/44\/revisions"}],"predecessor-version":[{"id":45,"href":"https:\/\/kinballhousse.be\/index.php\/wp-json\/wp\/v2\/pages\/44\/revisions\/45"}],"up":[{"embeddable":true,"href":"https:\/\/kinballhousse.be\/index.php\/wp-json\/wp\/v2\/pages\/27"}],"wp:attachment":[{"href":"https:\/\/kinballhousse.be\/index.php\/wp-json\/wp\/v2\/media?parent=44"}],"curies":[{"name":"wp","href":"https:\/\/api.w.org\/{rel}","templated":true}]}}