{"id":455,"date":"2018-02-19T11:18:01","date_gmt":"2018-02-19T10:18:01","guid":{"rendered":"http:\/\/kinballhousse.be\/?page_id=455"},"modified":"2025-04-14T23:04:14","modified_gmt":"2025-04-14T21:04:14","slug":"kin-ball-by-night","status":"publish","type":"page","link":"https:\/\/kinballhousse.be\/index.php\/kin-ball-by-night\/","title":{"rendered":"Kin-Ball\u00ae By Night"},"content":{"rendered":"\n<p>Le Club de Kin-Ball\u00ae de Housse organise chaque ann\u00e9e et ce depuis 2018 un \u00e9v\u00e9nement unique, sportif et festif, la \u00ab Kin-Ball\u00ae By Night \u00bb !<\/p>\n\n\n\n<p>Ce tournoi est l\u2019occasion d\u2019aborder une nouvelle mani\u00e8re de jouer Kin-Ball\u00ae puisque les terrains sont enti\u00e8rement plong\u00e9s dans le noir ! Gr\u00e2ce \u00e0 diff\u00e9rentes lumi\u00e8res noires dispers\u00e9es dans la salle, seules les couleurs fluos sont visibles !<\/p>\n\n\n\n<p>La 6\u00e8me \u00e9dition se tiendra le 27 septembre 2025 \u00e0 la Bulle \u00e0 Blegny. <\/p>\n\n\n\n<p>Nous avons eu de la chance de recevoir la cha\u00eene de t\u00e9l\u00e9vision locale RTC T\u00e9l\u00e9-Li\u00e8ge qui a r\u00e9alis\u00e9 un reportage de notre \u00e9v\u00e8nement que vous pouvez visualiser via : &nbsp;<a href=\"https:\/\/www.rtc.be\/video\/sports\/saive-un-tournoi-de-kin-ball-sous-uv-_1516831_325.html\" target=\"_blank\" rel=\"noopener\" title=\"\">https:\/\/www.rtc.be\/video\/sports\/saive-un-tournoi-de-kin-ball-sous-uv-_1516831_325.html<\/a><\/p>\n\n\n\n<p class=\"has-text-align-left\">Voici quelques photos de l&rsquo;\u00e9v\u00e9nement pr\u00e9c\u00e9dent<\/p>\n\n\n\n<figure class=\"wp-block-image size-large is-resized\"><img loading=\"lazy\" decoding=\"async\" width=\"1024\" height=\"702\" src=\"https:\/\/kinballhousse.be\/wp-content\/uploads\/2024\/01\/image-1024x702.png\" alt=\"\" class=\"wp-image-2667\" style=\"width:399px;height:auto\" srcset=\"https:\/\/kinballhousse.be\/wp-content\/uploads\/2024\/01\/image-1024x702.png 1024w, https:\/\/kinballhousse.be\/wp-content\/uploads\/2024\/01\/image-300x206.png 300w, https:\/\/kinballhousse.be\/wp-content\/uploads\/2024\/01\/image-768x526.png 768w, https:\/\/kinballhousse.be\/wp-content\/uploads\/2024\/01\/image.png 1084w\" sizes=\"auto, (max-width: 1024px) 100vw, 1024px\" \/><\/figure>\n\n\n\n<figure class=\"wp-block-image is-resized\"><img loading=\"lazy\" decoding=\"async\" width=\"300\" height=\"205\" src=\"http:\/\/kinballhousse.be\/wp-content\/uploads\/2018\/08\/30072957_2008346385842087_2398060125247820830_o-300x205.jpg\" alt=\"\" class=\"wp-image-493\" style=\"width:400px\" srcset=\"https:\/\/kinballhousse.be\/wp-content\/uploads\/2018\/08\/30072957_2008346385842087_2398060125247820830_o-300x205.jpg 300w, https:\/\/kinballhousse.be\/wp-content\/uploads\/2018\/08\/30072957_2008346385842087_2398060125247820830_o-768x525.jpg 768w, https:\/\/kinballhousse.be\/wp-content\/uploads\/2018\/08\/30072957_2008346385842087_2398060125247820830_o-1024x699.jpg 1024w, https:\/\/kinballhousse.be\/wp-content\/uploads\/2018\/08\/30072957_2008346385842087_2398060125247820830_o.jpg 1076w\" sizes=\"auto, (max-width: 300px) 100vw, 300px\" \/><\/figure>\n\n\n\n<figure class=\"wp-block-image is-resized\"><img loading=\"lazy\" decoding=\"async\" width=\"300\" height=\"205\" src=\"http:\/\/kinballhousse.be\/wp-content\/uploads\/2018\/08\/30051961_2007734712569921_8755960531653565614_o-300x205.jpg\" alt=\"\" class=\"wp-image-492\" style=\"width:400px\" srcset=\"https:\/\/kinballhousse.be\/wp-content\/uploads\/2018\/08\/30051961_2007734712569921_8755960531653565614_o-300x205.jpg 300w, https:\/\/kinballhousse.be\/wp-content\/uploads\/2018\/08\/30051961_2007734712569921_8755960531653565614_o-768x525.jpg 768w, https:\/\/kinballhousse.be\/wp-content\/uploads\/2018\/08\/30051961_2007734712569921_8755960531653565614_o-1024x699.jpg 1024w, https:\/\/kinballhousse.be\/wp-content\/uploads\/2018\/08\/30051961_2007734712569921_8755960531653565614_o.jpg 1076w\" sizes=\"auto, (max-width: 300px) 100vw, 300px\" \/><\/figure>\n\n\n\n<figure class=\"wp-block-image is-resized\"><img loading=\"lazy\" decoding=\"async\" width=\"300\" height=\"205\" src=\"http:\/\/kinballhousse.be\/wp-content\/uploads\/2018\/08\/29983549_2006947272648665_3071484481513536462_o-300x205.jpg\" alt=\"\" class=\"wp-image-491\" style=\"width:400px\" srcset=\"https:\/\/kinballhousse.be\/wp-content\/uploads\/2018\/08\/29983549_2006947272648665_3071484481513536462_o-300x205.jpg 300w, https:\/\/kinballhousse.be\/wp-content\/uploads\/2018\/08\/29983549_2006947272648665_3071484481513536462_o-768x525.jpg 768w, https:\/\/kinballhousse.be\/wp-content\/uploads\/2018\/08\/29983549_2006947272648665_3071484481513536462_o-1024x699.jpg 1024w, https:\/\/kinballhousse.be\/wp-content\/uploads\/2018\/08\/29983549_2006947272648665_3071484481513536462_o.jpg 1076w\" sizes=\"auto, (max-width: 300px) 100vw, 300px\" \/><\/figure>\n\n\n\n<p class=\"has-text-align-center\"><\/p>\n","protected":false},"excerpt":{"rendered":"<p>Le Club de Kin-Ball\u00ae de Housse organise chaque ann\u00e9e et ce depuis 2018 un \u00e9v\u00e9nement unique, sportif et festif, la \u00ab Kin-Ball\u00ae By Night \u00bb ! Ce tournoi est l\u2019occasion d\u2019aborder une nouvelle mani\u00e8re de jouer Kin-Ball\u00ae puisque les terrains sont enti\u00e8rement plong\u00e9s dans le noir ! Gr\u00e2ce \u00e0 diff\u00e9rentes lumi\u00e8res noires dispers\u00e9es dans la<a class=\"moretag\" href=\"https:\/\/kinballhousse.be\/index.php\/kin-ball-by-night\/\"><span class=\"screen-reader-text\">En savoir plus surKin-Ball\u00ae By Night<\/span>[&#8230;]<\/a><\/p>\n","protected":false},"author":1,"featured_media":456,"parent":0,"menu_order":0,"comment_status":"closed","ping_status":"closed","template":"","meta":{"om_disable_all_campaigns":false,"_monsterinsights_skip_tracking":false,"_monsterinsights_sitenote_active":false,"_monsterinsights_sitenote_note":"","_monsterinsights_sitenote_category":0,"_uf_show_specific_survey":0,"_uf_disable_surveys":false,"footnotes":""},"class_list":["post-455","page","type-page","status-publish","has-post-thumbnail","hentry"],"aioseo_notices":[],"_links":{"self":[{"href":"https:\/\/kinballhousse.be\/index.php\/wp-json\/wp\/v2\/pages\/455","targetHints":{"allow":["GET"]}}],"collection":[{"href":"https:\/\/kinballhousse.be\/index.php\/wp-json\/wp\/v2\/pages"}],"about":[{"href":"https:\/\/kinballhousse.be\/index.php\/wp-json\/wp\/v2\/types\/page"}],"author":[{"embeddable":true,"href":"https:\/\/kinballhousse.be\/index.php\/wp-json\/wp\/v2\/users\/1"}],"replies":[{"embeddable":true,"href":"https:\/\/kinballhousse.be\/index.php\/wp-json\/wp\/v2\/comments?post=455"}],"version-history":[{"count":32,"href":"https:\/\/kinballhousse.be\/index.php\/wp-json\/wp\/v2\/pages\/455\/revisions"}],"predecessor-version":[{"id":3217,"href":"https:\/\/kinballhousse.be\/index.php\/wp-json\/wp\/v2\/pages\/455\/revisions\/3217"}],"wp:featuredmedia":[{"embeddable":true,"href":"https:\/\/kinballhousse.be\/index.php\/wp-json\/wp\/v2\/media\/456"}],"wp:attachment":[{"href":"https:\/\/kinballhousse.be\/index.php\/wp-json\/wp\/v2\/media?parent=455"}],"curies":[{"name":"wp","href":"https:\/\/api.w.org\/{rel}","templated":true}]}}