{"id":49,"date":"2017-09-11T22:42:26","date_gmt":"2017-09-11T20:42:26","guid":{"rendered":"http:\/\/kinballhousse.be\/?page_id=49"},"modified":"2026-03-22T08:05:26","modified_gmt":"2026-03-22T07:05:26","slug":"le-club-de-housse","status":"publish","type":"page","link":"https:\/\/kinballhousse.be\/index.php\/le-club-de-housse\/","title":{"rendered":"Le club de Housse"},"content":{"rendered":"<div class=\"wp-block-image\">\n<figure class=\"aligncenter size-full is-resized\"><img loading=\"lazy\" decoding=\"async\" width=\"670\" height=\"832\" src=\"https:\/\/kinballhousse.be\/wp-content\/uploads\/2025\/08\/Logo-KB-30-08-2025.jpg\" alt=\"\" class=\"wp-image-3311\" style=\"width:158px;height:auto\" srcset=\"https:\/\/kinballhousse.be\/wp-content\/uploads\/2025\/08\/Logo-KB-30-08-2025.jpg 670w, https:\/\/kinballhousse.be\/wp-content\/uploads\/2025\/08\/Logo-KB-30-08-2025-242x300.jpg 242w\" sizes=\"auto, (max-width: 670px) 100vw, 670px\" \/><\/figure>\n<\/div>\n\n\n<p><\/p>\n\n\n\n<p>Le club de Housse a \u00e9t\u00e9 cr\u00e9\u00e9 en 2008 et compte aujourd\u2019hui plus de 70 membres r\u00e9partis dans diverses cat\u00e9gories.<\/p>\n\n\n\n<p><\/p>\n\n\n\n<figure class=\"wp-block-image size-full\"><img loading=\"lazy\" decoding=\"async\" width=\"960\" height=\"405\" src=\"https:\/\/kinballhousse.be\/wp-content\/uploads\/2023\/12\/Membres-2023.jpg\" alt=\"\" class=\"wp-image-2619\" srcset=\"https:\/\/kinballhousse.be\/wp-content\/uploads\/2023\/12\/Membres-2023.jpg 960w, https:\/\/kinballhousse.be\/wp-content\/uploads\/2023\/12\/Membres-2023-300x127.jpg 300w, https:\/\/kinballhousse.be\/wp-content\/uploads\/2023\/12\/Membres-2023-768x324.jpg 768w\" sizes=\"auto, (max-width: 960px) 100vw, 960px\" \/><\/figure>\n\n\n\n<p>Depuis de nombreuses ann\u00e9es, le club participe \u00e0 des tournois et championnats en Belgique. En 2012, 2013 et 2022, l\u2019\u00e9quipe adulte mixtes \u00e9tait sacr\u00e9e championne de Belgique ! Depuis, elle se classe chaque ann\u00e9e sur le podium.<\/p>\n\n\n\n<p>Depuis leurs inscriptions en championnat, les \u00e9quipes hommes et dames ne cessent d\u2019\u00e9voluer et ambitionnent le haut niveau pour les prochaines ann\u00e9es.<\/p>\n\n\n\n<p>En ce qui concerne les plus jeunes, ils ne d\u00e9m\u00e9ritent pas puisqu\u2019ils se classent r\u00e9guli\u00e8rement dans les meilleures \u00e9quipes des tournois r\u00e9gionaux.<\/p>\n\n\n\n<p>Le club de Housse a \u00e9galement pris part \u00e0 plusieurs tournois internationaux \u00e0 Lille (France), \u00e0 Porto (Portugal), \u00e0 Pardubice (R\u00e9publique Tch\u00e8que), \u00e0 Ponts-de-C\u00e9 (France) et \u00e0 Hradec Kr\u00e1lov\u00e9, (R\u00e9public Tch\u00e8que) ce qui offre aux joueurs des exp\u00e9riences inoubliables !<\/p>\n\n\n\n<figure class=\"wp-block-image size-large\"><img loading=\"lazy\" decoding=\"async\" width=\"1024\" height=\"704\" src=\"https:\/\/kinballhousse.be\/wp-content\/uploads\/2024\/01\/Kinball-Tchequie-1024x704.jpg\" alt=\"\" class=\"wp-image-2675\" srcset=\"https:\/\/kinballhousse.be\/wp-content\/uploads\/2024\/01\/Kinball-Tchequie-1024x704.jpg 1024w, https:\/\/kinballhousse.be\/wp-content\/uploads\/2024\/01\/Kinball-Tchequie-300x206.jpg 300w, https:\/\/kinballhousse.be\/wp-content\/uploads\/2024\/01\/Kinball-Tchequie-768x528.jpg 768w, https:\/\/kinballhousse.be\/wp-content\/uploads\/2024\/01\/Kinball-Tchequie.jpg 1092w\" sizes=\"auto, (max-width: 1024px) 100vw, 1024px\" \/><\/figure>\n\n\n\n<p>Enfin, le 14 avril 2018, le club a organis\u00e9 pour la premi\u00e8re fois un \u00e9v\u00e9nement unique en Belgique, le \u00ab\u00a0Kin-Ball\u00ae By Night\u00a0\u00bb. Lors de ce tournoi fluo, 150 joueurs ont pu exp\u00e9rimenter une nouvelle mani\u00e8re de pratiquer leur sport favori (dans le noir sous lumi\u00e8res UV). Une exp\u00e9rience hors du commun!<\/p>\n","protected":false},"excerpt":{"rendered":"<p>Le club de Housse a \u00e9t\u00e9 cr\u00e9\u00e9 en 2008 et compte aujourd\u2019hui plus de 70 membres r\u00e9partis dans diverses cat\u00e9gories. Depuis de nombreuses ann\u00e9es, le club participe \u00e0 des tournois et championnats en Belgique. En 2012, 2013 et 2022, l\u2019\u00e9quipe adulte mixtes \u00e9tait sacr\u00e9e championne de Belgique ! Depuis, elle se classe chaque ann\u00e9e sur<a class=\"moretag\" href=\"https:\/\/kinballhousse.be\/index.php\/le-club-de-housse\/\"><span class=\"screen-reader-text\">En savoir plus surLe club de Housse<\/span>[&#8230;]<\/a><\/p>\n","protected":false},"author":1,"featured_media":0,"parent":0,"menu_order":0,"comment_status":"closed","ping_status":"closed","template":"","meta":{"om_disable_all_campaigns":false,"_monsterinsights_skip_tracking":false,"_monsterinsights_sitenote_active":false,"_monsterinsights_sitenote_note":"","_monsterinsights_sitenote_category":0,"_uf_show_specific_survey":0,"_uf_disable_surveys":false,"footnotes":""},"class_list":["post-49","page","type-page","status-publish","hentry"],"aioseo_notices":[],"_links":{"self":[{"href":"https:\/\/kinballhousse.be\/index.php\/wp-json\/wp\/v2\/pages\/49","targetHints":{"allow":["GET"]}}],"collection":[{"href":"https:\/\/kinballhousse.be\/index.php\/wp-json\/wp\/v2\/pages"}],"about":[{"href":"https:\/\/kinballhousse.be\/index.php\/wp-json\/wp\/v2\/types\/page"}],"author":[{"embeddable":true,"href":"https:\/\/kinballhousse.be\/index.php\/wp-json\/wp\/v2\/users\/1"}],"replies":[{"embeddable":true,"href":"https:\/\/kinballhousse.be\/index.php\/wp-json\/wp\/v2\/comments?post=49"}],"version-history":[{"count":14,"href":"https:\/\/kinballhousse.be\/index.php\/wp-json\/wp\/v2\/pages\/49\/revisions"}],"predecessor-version":[{"id":3550,"href":"https:\/\/kinballhousse.be\/index.php\/wp-json\/wp\/v2\/pages\/49\/revisions\/3550"}],"wp:attachment":[{"href":"https:\/\/kinballhousse.be\/index.php\/wp-json\/wp\/v2\/media?parent=49"}],"curies":[{"name":"wp","href":"https:\/\/api.w.org\/{rel}","templated":true}]}}