{"id":53,"date":"2017-09-11T22:53:11","date_gmt":"2017-09-11T20:53:11","guid":{"rendered":"http:\/\/kinballhousse.be\/?page_id=53"},"modified":"2025-08-30T21:33:18","modified_gmt":"2025-08-30T19:33:18","slug":"contact","status":"publish","type":"page","link":"https:\/\/kinballhousse.be\/index.php\/contact\/","title":{"rendered":"Contact"},"content":{"rendered":"\n<p>Pour nous contacter, vous pouvez remplir le formulaire de contact ou joindre directement un des membres du Conseil d&rsquo;Administration<\/p>\n\n\n<style id=\"wpforms-css-vars-2531-block-d3b68cd7-4a1c-47a3-bbde-797d28ea306a\">\n\t\t\t\t#wpforms-2531.wpforms-block-d3b68cd7-4a1c-47a3-bbde-797d28ea306a {\n\t\t\t\t--wpforms-field-size-input-height: 43px;\n--wpforms-field-size-input-spacing: 15px;\n--wpforms-field-size-font-size: 16px;\n--wpforms-field-size-line-height: 19px;\n--wpforms-field-size-padding-h: 14px;\n--wpforms-field-size-checkbox-size: 16px;\n--wpforms-field-size-sublabel-spacing: 5px;\n--wpforms-field-size-icon-size: 1;\n--wpforms-label-size-font-size: 16px;\n--wpforms-label-size-line-height: 19px;\n--wpforms-label-size-sublabel-font-size: 14px;\n--wpforms-label-size-sublabel-line-height: 17px;\n--wpforms-button-size-font-size: 17px;\n--wpforms-button-size-height: 41px;\n--wpforms-button-size-padding-h: 15px;\n--wpforms-button-size-margin-top: 10px;\n\t\t\t}\n\t\t\t<\/style><div class=\"wpforms-container wpforms-container-full wpforms-block wpforms-block-d3b68cd7-4a1c-47a3-bbde-797d28ea306a wpforms-render-modern\" id=\"wpforms-2531\"><form id=\"wpforms-form-2531\" class=\"wpforms-validate wpforms-form wpforms-ajax-form\" data-formid=\"2531\" method=\"post\" enctype=\"multipart\/form-data\" action=\"\/index.php\/wp-json\/wp\/v2\/pages\/53\" data-token=\"d323a57d6ddd5e31e91dffbc5c8f4823\" data-token-time=\"1776378133\"><noscript class=\"wpforms-error-noscript\">Veuillez activer JavaScript dans votre navigateur pour remplir ce formulaire.<\/noscript><div id=\"wpforms-error-noscript\" style=\"display: none;\">Veuillez activer JavaScript dans votre navigateur pour remplir ce formulaire.<\/div><div class=\"wpforms-field-container\"><div id=\"wpforms-2531-field_0-container\" class=\"wpforms-field wpforms-field-name\" data-field-id=\"0\"><fieldset><legend class=\"wpforms-field-label\">Nom <span class=\"wpforms-required-label\" aria-hidden=\"true\">*<\/span><\/legend><div class=\"wpforms-field-row wpforms-field-medium\"><div class=\"wpforms-field-row-block wpforms-first wpforms-one-half\"><input type=\"text\" id=\"wpforms-2531-field_0\" class=\"wpforms-field-name-first wpforms-field-required\" name=\"wpforms[fields][0][first]\" aria-errormessage=\"wpforms-2531-field_0-error\" required><label for=\"wpforms-2531-field_0\" class=\"wpforms-field-sublabel after\">Pr\u00e9nom<\/label><\/div><div class=\"wpforms-field-row-block wpforms-one-half\"><input type=\"text\" id=\"wpforms-2531-field_0-last\" class=\"wpforms-field-name-last wpforms-field-required\" name=\"wpforms[fields][0][last]\" aria-errormessage=\"wpforms-2531-field_0-last-error\" required><label for=\"wpforms-2531-field_0-last\" class=\"wpforms-field-sublabel after\">Nom<\/label><\/div><\/div><\/fieldset><\/div><div id=\"wpforms-2531-field_1-container\" class=\"wpforms-field wpforms-field-email\" data-field-id=\"1\"><label class=\"wpforms-field-label\" for=\"wpforms-2531-field_1\">E-mail <span class=\"wpforms-required-label\" aria-hidden=\"true\">*<\/span><\/label><input type=\"email\" id=\"wpforms-2531-field_1\" class=\"wpforms-field-medium wpforms-field-required\" name=\"wpforms[fields][1]\" spellcheck=\"false\" aria-errormessage=\"wpforms-2531-field_1-error\" required><\/div><div id=\"wpforms-2531-field_2-container\" class=\"wpforms-field wpforms-field-textarea\" data-field-id=\"2\"><label class=\"wpforms-field-label\" for=\"wpforms-2531-field_2\">Commentaire ou message<\/label><textarea id=\"wpforms-2531-field_2\" class=\"wpforms-field-medium\" name=\"wpforms[fields][2]\" aria-errormessage=\"wpforms-2531-field_2-error\" ><\/textarea><\/div><div id=\"wpforms-2531-field_6-container\" class=\"wpforms-field wpforms-field-gdpr-checkbox\" data-field-id=\"6\"><label class=\"wpforms-field-label\">Accord RGPD <span class=\"wpforms-required-label\" aria-hidden=\"true\">*<\/span><\/label><ul id=\"wpforms-2531-field_6\" class=\"wpforms-field-required\"><li class=\"choice-1\"><input type=\"checkbox\" id=\"wpforms-2531-field_6_1\" name=\"wpforms[fields][6][]\" value=\"Je consens \u00e0 ce que ce site stocke mes informations envoy\u00e9es afin qu\u2019ils puissent r\u00e9pondre \u00e0 ma requ\u00eate.\" aria-errormessage=\"wpforms-2531-field_6_1-error\" required ><label class=\"wpforms-field-label-inline\" for=\"wpforms-2531-field_6_1\">Je consens \u00e0 ce que ce site stocke mes informations envoy\u00e9es afin qu\u2019ils puissent r\u00e9pondre \u00e0 ma requ\u00eate.<\/label><\/li><\/ul><\/div><\/div><!-- .wpforms-field-container --><div class=\"wpforms-recaptcha-container wpforms-is-recaptcha wpforms-is-recaptcha-type-v2\" ><div class=\"g-recaptcha\" data-sitekey=\"6Lfjj_YoAAAAAOPGTG958C6nbMuzIE4er_QMlvwY\"><\/div><input type=\"text\" name=\"g-recaptcha-hidden\" class=\"wpforms-recaptcha-hidden\" style=\"position:absolute!important;clip:rect(0,0,0,0)!important;height:1px!important;width:1px!important;border:0!important;overflow:hidden!important;padding:0!important;margin:0!important;\" data-rule-recaptcha=\"1\"><\/div><div class=\"wpforms-submit-container\" ><input type=\"hidden\" name=\"wpforms[id]\" value=\"2531\"><input type=\"hidden\" name=\"page_title\" value=\"\"><input type=\"hidden\" name=\"page_url\" value=\"https:\/\/kinballhousse.be\/index.php\/wp-json\/wp\/v2\/pages\/53\"><input type=\"hidden\" name=\"url_referer\" value=\"\"><button type=\"submit\" name=\"wpforms[submit]\" id=\"wpforms-submit-2531\" class=\"wpforms-submit\" data-alt-text=\"Envoi...\" data-submit-text=\"Envoyer\" aria-live=\"assertive\" value=\"wpforms-submit\">Envoyer<\/button><img loading=\"lazy\" decoding=\"async\" src=\"https:\/\/kinballhousse.be\/wp-content\/plugins\/wpforms-lite\/assets\/images\/submit-spin.svg\" class=\"wpforms-submit-spinner\" style=\"display: none;\" width=\"26\" height=\"26\" alt=\"Chargement en cours\"><\/div><\/form><\/div>  <!-- .wpforms-container -->\n\n\n<hr class=\"wp-block-separator has-alpha-channel-opacity\"\/>\n\n\n\n<h2 class=\"wp-block-heading\">Membres du Conseil d&rsquo;Administration<\/h2>\n\n\n\n<p>Pour nous contacter, vous pouvez remplir le formulaire de contact ou joindre directement un des membres du Conseil d&rsquo;Administration<\/p>\n\n\n\n<hr class=\"wp-block-separator has-alpha-channel-opacity\"\/>\n\n\n\n<h2 class=\"wp-block-heading\">Membres du Conseil d&rsquo;Administration<\/h2>\n\n\n\n<figure class=\"wp-block-table\"><table><tbody><tr><td class=\"has-text-align-center\" data-align=\"center\">Anthony DRIESSENS<\/td><td class=\"has-text-align-center\" data-align=\"center\">Pr\u00e9sident<\/td><td class=\"has-text-align-center\" data-align=\"center\"><a href=\"mailto:contact@kinballhousse.be\" title=\"\">contact@kinballhousse.be<\/a><\/td><\/tr><tr><td class=\"has-text-align-center\" data-align=\"center\"><\/td><td class=\"has-text-align-center\" data-align=\"center\">Vice-pr\u00e9sidente<\/td><td class=\"has-text-align-center\" data-align=\"center\"><a href=\"mailto:contact@kinballhousse.be\" title=\"\">contact@kinballhousse.be<\/a><\/td><\/tr><tr><td class=\"has-text-align-center\" data-align=\"center\">Roxane DOVIFAT<\/td><td class=\"has-text-align-center\" data-align=\"center\">Secr\u00e9taire<\/td><td class=\"has-text-align-center\" data-align=\"center\"><a href=\"mailto:contact@kinballhousse.be\" title=\"\">contact@kinballhousse.be<\/a><\/td><\/tr><tr><td class=\"has-text-align-center\" data-align=\"center\">Elodie ANGELETTI<\/td><td class=\"has-text-align-center\" data-align=\"center\">Tr\u00e9sori\u00e8re<\/td><td class=\"has-text-align-center\" data-align=\"center\"><a href=\"mailto:contact@kinballhousse.be\" title=\"\">contact@kinballhousse.be<\/a><\/td><\/tr><tr><td class=\"has-text-align-center\" data-align=\"center\">Maxime LORQUET<\/td><td class=\"has-text-align-center\" data-align=\"center\">Commission sportive<\/td><td class=\"has-text-align-center\" data-align=\"center\"><a href=\"mailto:commission-sportive@kinballhousse.be\">commission-sportive@kinballhousse.be<\/a><\/td><\/tr><tr><td class=\"has-text-align-center\" data-align=\"center\">S\u00e9bastien BOYEN<\/td><td class=\"has-text-align-center\" data-align=\"center\">Administrateur<\/td><td class=\"has-text-align-center\" data-align=\"center\"><a href=\"contact@kinballhousse.be\" title=\"\">contact@kinballhousse.be<\/a><\/td><\/tr><tr><td class=\"has-text-align-center\" data-align=\"center\">Margaux PAULISSEN<\/td><td class=\"has-text-align-center\" data-align=\"center\">Responsable de la communication <\/td><td class=\"has-text-align-center\" data-align=\"center\"><a href=\"mailto:contact@kinballhousse.be\" title=\"\">contact@kinballhousse.be<\/a><\/td><\/tr><tr><td class=\"has-text-align-center\" data-align=\"center\">Rapha\u00ebl DELATTRE<\/td><td class=\"has-text-align-center\" data-align=\"center\">Administrateur<\/td><td class=\"has-text-align-center\" data-align=\"center\">&nbsp;<a href=\"mailto:contact@kinballhousse.be\" title=\"\">contact@kinballhousse.be<\/a><\/td><\/tr><tr><td class=\"has-text-align-center\" data-align=\"center\">Evelyn HELLEBRANDT<\/td><td class=\"has-text-align-center\" data-align=\"center\">Responsable logistique<\/td><td class=\"has-text-align-center\" data-align=\"center\">&nbsp;<a href=\"mailto:contact@kinballhousse.be\" title=\"\">contact@kinballhousse.be<\/a><\/td><\/tr><tr><td class=\"has-text-align-center\" data-align=\"center\">Marcel WILLEMS<\/td><td class=\"has-text-align-center\" data-align=\"center\">Responsable logistique<\/td><td class=\"has-text-align-center\" data-align=\"center\"><a href=\"mailto:contact@kinballhousse.be\" title=\"\">contact@kinballhousse.be<\/a><\/td><\/tr><tr><td class=\"has-text-align-center\" data-align=\"center\">Anthony DRIESSENS<\/td><td class=\"has-text-align-center\" data-align=\"center\">Data protection officer<\/td><td class=\"has-text-align-center\" data-align=\"center\"><a href=\"mailto:dpo@kinballhousse.be\" title=\"\">dpo@kinballhousse.be<\/a><\/td><\/tr><\/tbody><\/table><\/figure>\n\n\n\n<h2 class=\"wp-block-heading\">Informations l\u00e9gales<\/h2>\n\n\n\n<p>Kin-Ball Housse ASBL<\/p>\n\n\n\n<p>Rue Nicolas Arnolis 15 \u00e0 4670 Blegny<\/p>\n\n\n\n<p>Num\u00e9ro entreprise : BE0628 515 755<\/p>\n\n\n\n<p>Compte : BE25 0689 0242 5682<\/p>\n","protected":false},"excerpt":{"rendered":"<p>Pour nous contacter, vous pouvez remplir le formulaire de contact ou joindre directement un des membres du Conseil d&rsquo;Administration Membres du Conseil d&rsquo;Administration Pour nous contacter, vous pouvez remplir le formulaire de contact ou joindre directement un des membres du Conseil d&rsquo;Administration Membres du Conseil d&rsquo;Administration Anthony DRIESSENS Pr\u00e9sident contact@kinballhousse.be Vice-pr\u00e9sidente contact@kinballhousse.be Roxane DOVIFAT Secr\u00e9taire<a class=\"moretag\" href=\"https:\/\/kinballhousse.be\/index.php\/contact\/\"><span class=\"screen-reader-text\">En savoir plus surContact<\/span>[&#8230;]<\/a><\/p>\n","protected":false},"author":1,"featured_media":0,"parent":0,"menu_order":0,"comment_status":"closed","ping_status":"closed","template":"","meta":{"om_disable_all_campaigns":false,"_monsterinsights_skip_tracking":false,"_monsterinsights_sitenote_active":false,"_monsterinsights_sitenote_note":"","_monsterinsights_sitenote_category":0,"_uf_show_specific_survey":0,"_uf_disable_surveys":false,"footnotes":""},"class_list":["post-53","page","type-page","status-publish","hentry"],"aioseo_notices":[],"_links":{"self":[{"href":"https:\/\/kinballhousse.be\/index.php\/wp-json\/wp\/v2\/pages\/53","targetHints":{"allow":["GET"]}}],"collection":[{"href":"https:\/\/kinballhousse.be\/index.php\/wp-json\/wp\/v2\/pages"}],"about":[{"href":"https:\/\/kinballhousse.be\/index.php\/wp-json\/wp\/v2\/types\/page"}],"author":[{"embeddable":true,"href":"https:\/\/kinballhousse.be\/index.php\/wp-json\/wp\/v2\/users\/1"}],"replies":[{"embeddable":true,"href":"https:\/\/kinballhousse.be\/index.php\/wp-json\/wp\/v2\/comments?post=53"}],"version-history":[{"count":31,"href":"https:\/\/kinballhousse.be\/index.php\/wp-json\/wp\/v2\/pages\/53\/revisions"}],"predecessor-version":[{"id":3320,"href":"https:\/\/kinballhousse.be\/index.php\/wp-json\/wp\/v2\/pages\/53\/revisions\/3320"}],"wp:attachment":[{"href":"https:\/\/kinballhousse.be\/index.php\/wp-json\/wp\/v2\/media?parent=53"}],"curies":[{"name":"wp","href":"https:\/\/api.w.org\/{rel}","templated":true}]}}