{"id":85,"date":"2017-09-11T23:17:38","date_gmt":"2017-09-11T21:17:38","guid":{"rendered":"http:\/\/kinballhousse.be\/?page_id=85"},"modified":"2024-03-12T09:39:34","modified_gmt":"2024-03-12T08:39:34","slug":"competition","status":"publish","type":"page","link":"https:\/\/kinballhousse.be\/index.php\/competition\/","title":{"rendered":"Comp\u00e9tition"},"content":{"rendered":"<p>Vous retrouverez sur cette page les grilles de matchs, les r\u00e9sultats ainsi que les classements.<\/p>\n<p>Pour plus d&rsquo;informations, vous pouvez consulter le site de la F\u00e9d\u00e9ration Francophone Belge de Kin-Ball\u00ae en cliquant\u00a0<a href=\"https:\/\/www.kin-ball.be\/competitions\/grille-de-match\/\" target=\"_blank\" rel=\"noopener\">ICI.<\/a><\/p>\n","protected":false},"excerpt":{"rendered":"<p>Vous retrouverez sur cette page les grilles de matchs, les r\u00e9sultats ainsi que les classements. Pour plus d&rsquo;informations, vous pouvez consulter le site de la F\u00e9d\u00e9ration Francophone Belge de Kin-Ball\u00ae en cliquant\u00a0ICI.<\/p>\n","protected":false},"author":1,"featured_media":0,"parent":0,"menu_order":0,"comment_status":"closed","ping_status":"closed","template":"","meta":{"om_disable_all_campaigns":false,"_monsterinsights_skip_tracking":false,"_monsterinsights_sitenote_active":false,"_monsterinsights_sitenote_note":"","_monsterinsights_sitenote_category":0,"_uf_show_specific_survey":0,"_uf_disable_surveys":false,"footnotes":""},"class_list":["post-85","page","type-page","status-publish","hentry"],"aioseo_notices":[],"_links":{"self":[{"href":"https:\/\/kinballhousse.be\/index.php\/wp-json\/wp\/v2\/pages\/85","targetHints":{"allow":["GET"]}}],"collection":[{"href":"https:\/\/kinballhousse.be\/index.php\/wp-json\/wp\/v2\/pages"}],"about":[{"href":"https:\/\/kinballhousse.be\/index.php\/wp-json\/wp\/v2\/types\/page"}],"author":[{"embeddable":true,"href":"https:\/\/kinballhousse.be\/index.php\/wp-json\/wp\/v2\/users\/1"}],"replies":[{"embeddable":true,"href":"https:\/\/kinballhousse.be\/index.php\/wp-json\/wp\/v2\/comments?post=85"}],"version-history":[{"count":8,"href":"https:\/\/kinballhousse.be\/index.php\/wp-json\/wp\/v2\/pages\/85\/revisions"}],"predecessor-version":[{"id":2830,"href":"https:\/\/kinballhousse.be\/index.php\/wp-json\/wp\/v2\/pages\/85\/revisions\/2830"}],"wp:attachment":[{"href":"https:\/\/kinballhousse.be\/index.php\/wp-json\/wp\/v2\/media?parent=85"}],"curies":[{"name":"wp","href":"https:\/\/api.w.org\/{rel}","templated":true}]}}