{"id":87,"date":"2017-09-11T23:18:36","date_gmt":"2017-09-11T21:18:36","guid":{"rendered":"http:\/\/kinballhousse.be\/?page_id=87"},"modified":"2025-08-23T12:53:11","modified_gmt":"2025-08-23T10:53:11","slug":"tournois","status":"publish","type":"page","link":"https:\/\/kinballhousse.be\/index.php\/tournois\/","title":{"rendered":"Tournois"},"content":{"rendered":"\n<p>Retrouvez ici toutes les informations concernant les tournois pour les cat\u00e9gories benjamins et minimes.<\/p>\n\n\n\n<p><em><strong>Date des Tournois 2025-2026<\/strong><\/em><\/p>\n\n\n\n<p>28 Septembre 2025 \u00e0 Housse<\/p>\n\n\n\n<p>12 Octobre 2025 \u00e0 Thimister<\/p>\n\n\n\n<p>16 Novembre 2025 H\u00e9l\u00e9cine<\/p>\n\n\n\n<p>30 Novembre 2025 Herve<\/p>\n\n\n\n<p>22 Mars 2026 \u00e0 Thimister<\/p>\n\n\n\n<p>29 Mars 2026 \u00e0 Aubel<\/p>\n\n\n\n<p>09 Mai 2026 Nivelles <\/p>\n\n\n\n<p><\/p>\n","protected":false},"excerpt":{"rendered":"<p>Retrouvez ici toutes les informations concernant les tournois pour les cat\u00e9gories benjamins et minimes. Date des Tournois 2025-2026 28 Septembre 2025 \u00e0 Housse 12 Octobre 2025 \u00e0 Thimister 16 Novembre 2025 H\u00e9l\u00e9cine 30 Novembre 2025 Herve 22 Mars 2026 \u00e0 Thimister 29 Mars 2026 \u00e0 Aubel 09 Mai 2026 Nivelles<\/p>\n","protected":false},"author":1,"featured_media":0,"parent":0,"menu_order":0,"comment_status":"closed","ping_status":"closed","template":"","meta":{"om_disable_all_campaigns":false,"_monsterinsights_skip_tracking":false,"_monsterinsights_sitenote_active":false,"_monsterinsights_sitenote_note":"","_monsterinsights_sitenote_category":0,"_uf_show_specific_survey":0,"_uf_disable_surveys":false,"footnotes":""},"class_list":["post-87","page","type-page","status-publish","hentry"],"aioseo_notices":[],"_links":{"self":[{"href":"https:\/\/kinballhousse.be\/index.php\/wp-json\/wp\/v2\/pages\/87","targetHints":{"allow":["GET"]}}],"collection":[{"href":"https:\/\/kinballhousse.be\/index.php\/wp-json\/wp\/v2\/pages"}],"about":[{"href":"https:\/\/kinballhousse.be\/index.php\/wp-json\/wp\/v2\/types\/page"}],"author":[{"embeddable":true,"href":"https:\/\/kinballhousse.be\/index.php\/wp-json\/wp\/v2\/users\/1"}],"replies":[{"embeddable":true,"href":"https:\/\/kinballhousse.be\/index.php\/wp-json\/wp\/v2\/comments?post=87"}],"version-history":[{"count":16,"href":"https:\/\/kinballhousse.be\/index.php\/wp-json\/wp\/v2\/pages\/87\/revisions"}],"predecessor-version":[{"id":3298,"href":"https:\/\/kinballhousse.be\/index.php\/wp-json\/wp\/v2\/pages\/87\/revisions\/3298"}],"wp:attachment":[{"href":"https:\/\/kinballhousse.be\/index.php\/wp-json\/wp\/v2\/media?parent=87"}],"curies":[{"name":"wp","href":"https:\/\/api.w.org\/{rel}","templated":true}]}}